{"id":5049,"date":"2026-03-21T22:03:02","date_gmt":"2026-03-21T21:03:02","guid":{"rendered":"https:\/\/werkbank32.eu\/?page_id=5049"},"modified":"2026-04-01T21:50:46","modified_gmt":"2026-04-01T19:50:46","slug":"5049-2","status":"publish","type":"page","link":"https:\/\/werkbank32.eu\/en\/5049-2\/","title":{"rendered":"Partnerhotels"},"content":{"rendered":"<div class=\"row block-1372710531\">\n\n<div class=\"col col-12 col-lg-12 block-wysiwyg\">\n<p><\/p>\n<\/div>            <link rel=\"stylesheet\" type=\"text\/css\" href=\"https:\/\/werkbank32.eu\/wp-content\/themes\/boxed-theme\/includes\/blocks\/block_wysiwyg\/style.css\">\n            \n<div class=\"col col-12 col-lg-12 block-wysiwyg\">\n<p>&nbsp;<\/p>\n<p style=\"text-align: left;\">Du planst einen Workshop, ein Meeting oder ein Event in der Werkbank32 und suchst eine passende Unterkunft?<\/p>\n<p style=\"text-align: left;\">Hier findest du ausgew\u00e4hlte \u00dcbernachtungsm\u00f6glichkeiten in der N\u00e4he. Damit dein Aufenthalt rund um die Werkbank32 m\u00f6glichst unkompliziert wird, haben wir zwei Hotels zusammengestellt, die sich f\u00fcr G\u00e4ste und Veranstaltungsteilnehmende gut eignen.<\/p>\n<p style=\"text-align: left;\">Die Buchung erfolgt direkt \u00fcber die jeweilige Hotelwebsite.<\/p>\n<p>&nbsp;<\/p>\n<\/div>            <link rel=\"stylesheet\" type=\"text\/css\" href=\"https:\/\/werkbank32.eu\/wp-content\/themes\/boxed-theme\/includes\/blocks\/block_wysiwyg\/style.css\">\n            \n<div class=\"col col-12 col-lg-12 block-wysiwyg\">\n<p><\/p>\n<\/div>            <link rel=\"stylesheet\" type=\"text\/css\" href=\"https:\/\/werkbank32.eu\/wp-content\/themes\/boxed-theme\/includes\/blocks\/block_wysiwyg\/style.css\">\n            \n<div class=\"col col-12 col-lg-12 block-wysiwyg\">\n<table style=\"border-collapse: collapse; width: 100%;\">\n<tbody>\n<tr>\n<td style=\"width: 50%;\">\n<h3 style=\"text-align: center;\" data-section-id=\"1anidhk\" data-start=\"731\" data-end=\"762\"><\/h3>\n<p style=\"text-align: center;\"><span style=\"font-size: 18pt;\">Hotel am Sonnenlandpark<\/strong><\/span><\/p>\n<p style=\"text-align: center;\" data-start=\"764\" data-end=\"1000\">Das Designhotel in Lichtenau bietet moderne Zimmer f\u00fcr unterschiedliche Reiseanl\u00e4sse \u2013 von Gesch\u00e4ftsreisen bis hin zu Aufenthalten mit Familie.<br data-start=\"907\" data-end=\"910\" \/>Auch ein Restaurant mit regionalen Angeboten und wechselnden Themenmen\u00fcs geh\u00f6rt zum Hotel.<\/p>\n<p style=\"text-align: center;\" data-start=\"1002\" data-end=\"1044\">\ud83d\udccd Zum Sonnenlandpark 3, 09244 Lichtenau<\/p>\n<p style=\"text-align: center;\" data-start=\"1046\" data-end=\"1075\">\ud83d\udc49 <a href=\"https:\/\/www.hotel-am-sonnenlandpark.de\/\"><strong data-start=\"1049\" data-end=\"1075\">Zur Buchung beim Hotel<\/strong><\/a><\/p>\n<\/td>\n<td style=\"width: 50%;\">\n<h3 style=\"text-align: center;\" data-section-id=\"1iuabvv\" data-start=\"1112\" data-end=\"1153\"><\/h3>\n<p style=\"text-align: center;\"><span style=\"font-size: 18pt;\"><strong>DH Hotel Deutsches Haus Mittweida<\/strong><\/span><\/p>\n<p style=\"text-align: center;\" data-start=\"1155\" data-end=\"1373\">Das digital ausgerichtete Hotel in Mittweida bietet eine komfortable Unterkunft mit moderner Ausstattung, kostenfreiem WLAN und eigenem Restaurant.<br data-start=\"1302\" data-end=\"1305\" \/>Durch die zentrale Lage eignet es sich gut f\u00fcr G\u00e4ste der Werkbank32.<\/p>\n<p style=\"text-align: center;\" data-start=\"1375\" data-end=\"1414\">\ud83d\udccd Rochlitzer Str. 5, 09648 Mittweida<\/p>\n<p style=\"text-align: center;\" data-start=\"1416\" data-end=\"1445\">\ud83d\udc49 <a href=\"https:\/\/dh-mittweida.de\/\"><strong data-start=\"1419\" data-end=\"1445\">Zur Buchung beim Hotel<\/strong><\/a><\/p>\n<\/td>\n<\/tr>\n<\/tbody>\n<\/table>\n<\/div>            <link rel=\"stylesheet\" type=\"text\/css\" href=\"https:\/\/werkbank32.eu\/wp-content\/themes\/boxed-theme\/includes\/blocks\/block_wysiwyg\/style.css\">\n            <\/div>","protected":false},"excerpt":{"rendered":"","protected":false},"author":12,"featured_media":0,"parent":0,"menu_order":0,"comment_status":"closed","ping_status":"closed","template":"","meta":{"_acf_changed":true,"content-type":"","_price":"","_stock":"","_tribe_ticket_header":"","_tribe_default_ticket_provider":"","_tribe_ticket_capacity":"","_ticket_start_date":"","_ticket_end_date":"","_tribe_ticket_show_description":"","_tribe_ticket_show_not_going":false,"_tribe_ticket_use_global_stock":"","_tribe_ticket_global_stock_level":"","_global_stock_mode":"","_global_stock_cap":"","_tribe_rsvp_for_event":"","_tribe_ticket_going_count":"","_tribe_ticket_not_going_count":"","_tribe_tickets_list":"[]","_tribe_ticket_has_attendee_info_fields":false,"footnotes":""},"class_list":["post-5049","page","type-page","status-publish","hentry"],"acf":[],"yoast_head":"<!-- This site is optimized with the Yoast SEO plugin v27.4 - https:\/\/yoast.com\/product\/yoast-seo-wordpress\/ -->\n<title>Partnerhotels - Werkbank32<\/title>\n<meta name=\"robots\" content=\"index, follow, max-snippet:-1, max-image-preview:large, max-video-preview:-1\" \/>\n<link rel=\"canonical\" href=\"https:\/\/werkbank32.eu\/en\/5049-2\/\" \/>\n<meta property=\"og:locale\" content=\"en_US\" \/>\n<meta property=\"og:type\" content=\"article\" \/>\n<meta property=\"og:title\" content=\"Partnerhotels - Werkbank32\" \/>\n<meta property=\"og:url\" content=\"https:\/\/werkbank32.eu\/en\/5049-2\/\" \/>\n<meta property=\"og:site_name\" content=\"Werkbank32\" \/>\n<meta property=\"article:modified_time\" content=\"2026-04-01T19:50:46+00:00\" \/>\n<meta name=\"twitter:card\" content=\"summary_large_image\" \/>\n<script type=\"application\/ld+json\" class=\"yoast-schema-graph\">{\"@context\":\"https:\\\/\\\/schema.org\",\"@graph\":[{\"@type\":\"WebPage\",\"@id\":\"https:\\\/\\\/werkbank32.eu\\\/5049-2\\\/\",\"url\":\"https:\\\/\\\/werkbank32.eu\\\/5049-2\\\/\",\"name\":\"Partnerhotels - Werkbank32\",\"isPartOf\":{\"@id\":\"https:\\\/\\\/werkbank32.eu\\\/#website\"},\"datePublished\":\"2026-03-21T21:03:02+00:00\",\"dateModified\":\"2026-04-01T19:50:46+00:00\",\"breadcrumb\":{\"@id\":\"https:\\\/\\\/werkbank32.eu\\\/5049-2\\\/#breadcrumb\"},\"inLanguage\":\"en-US\",\"potentialAction\":[{\"@type\":\"ReadAction\",\"target\":[\"https:\\\/\\\/werkbank32.eu\\\/5049-2\\\/\"]}]},{\"@type\":\"BreadcrumbList\",\"@id\":\"https:\\\/\\\/werkbank32.eu\\\/5049-2\\\/#breadcrumb\",\"itemListElement\":[{\"@type\":\"ListItem\",\"position\":1,\"name\":\"Werkbank32\",\"item\":\"https:\\\/\\\/werkbank32.eu\\\/\"},{\"@type\":\"ListItem\",\"position\":2,\"name\":\"Partnerhotels\"}]},{\"@type\":\"WebSite\",\"@id\":\"https:\\\/\\\/werkbank32.eu\\\/#website\",\"url\":\"https:\\\/\\\/werkbank32.eu\\\/\",\"name\":\"Werkbank32\",\"description\":\"\",\"potentialAction\":[{\"@type\":\"SearchAction\",\"target\":{\"@type\":\"EntryPoint\",\"urlTemplate\":\"https:\\\/\\\/werkbank32.eu\\\/?s={search_term_string}\"},\"query-input\":{\"@type\":\"PropertyValueSpecification\",\"valueRequired\":true,\"valueName\":\"search_term_string\"}}],\"inLanguage\":\"en-US\"}]}<\/script>\n<!-- \/ Yoast SEO plugin. -->","yoast_head_json":{"title":"Partnerhotels - Werkbank32","robots":{"index":"index","follow":"follow","max-snippet":"max-snippet:-1","max-image-preview":"max-image-preview:large","max-video-preview":"max-video-preview:-1"},"canonical":"https:\/\/werkbank32.eu\/en\/5049-2\/","og_locale":"en_US","og_type":"article","og_title":"Partnerhotels - Werkbank32","og_url":"https:\/\/werkbank32.eu\/en\/5049-2\/","og_site_name":"Werkbank32","article_modified_time":"2026-04-01T19:50:46+00:00","twitter_card":"summary_large_image","schema":{"@context":"https:\/\/schema.org","@graph":[{"@type":"WebPage","@id":"https:\/\/werkbank32.eu\/5049-2\/","url":"https:\/\/werkbank32.eu\/5049-2\/","name":"Partnerhotels - Werkbank32","isPartOf":{"@id":"https:\/\/werkbank32.eu\/#website"},"datePublished":"2026-03-21T21:03:02+00:00","dateModified":"2026-04-01T19:50:46+00:00","breadcrumb":{"@id":"https:\/\/werkbank32.eu\/5049-2\/#breadcrumb"},"inLanguage":"en-US","potentialAction":[{"@type":"ReadAction","target":["https:\/\/werkbank32.eu\/5049-2\/"]}]},{"@type":"BreadcrumbList","@id":"https:\/\/werkbank32.eu\/5049-2\/#breadcrumb","itemListElement":[{"@type":"ListItem","position":1,"name":"Werkbank32","item":"https:\/\/werkbank32.eu\/"},{"@type":"ListItem","position":2,"name":"Partnerhotels"}]},{"@type":"WebSite","@id":"https:\/\/werkbank32.eu\/#website","url":"https:\/\/werkbank32.eu\/","name":"Werkbank32","description":"","potentialAction":[{"@type":"SearchAction","target":{"@type":"EntryPoint","urlTemplate":"https:\/\/werkbank32.eu\/?s={search_term_string}"},"query-input":{"@type":"PropertyValueSpecification","valueRequired":true,"valueName":"search_term_string"}}],"inLanguage":"en-US"}]}},"_links":{"self":[{"href":"https:\/\/werkbank32.eu\/en\/wp-json\/wp\/v2\/pages\/5049","targetHints":{"allow":["GET"]}}],"collection":[{"href":"https:\/\/werkbank32.eu\/en\/wp-json\/wp\/v2\/pages"}],"about":[{"href":"https:\/\/werkbank32.eu\/en\/wp-json\/wp\/v2\/types\/page"}],"author":[{"embeddable":true,"href":"https:\/\/werkbank32.eu\/en\/wp-json\/wp\/v2\/users\/12"}],"replies":[{"embeddable":true,"href":"https:\/\/werkbank32.eu\/en\/wp-json\/wp\/v2\/comments?post=5049"}],"version-history":[{"count":0,"href":"https:\/\/werkbank32.eu\/en\/wp-json\/wp\/v2\/pages\/5049\/revisions"}],"wp:attachment":[{"href":"https:\/\/werkbank32.eu\/en\/wp-json\/wp\/v2\/media?parent=5049"}],"curies":[{"name":"wp","href":"https:\/\/api.w.org\/{rel}","templated":true}]}}