{"id":295,"date":"2023-11-27T10:41:22","date_gmt":"2023-11-27T09:41:22","guid":{"rendered":"http:\/\/teleskopeffekt.de.domainpreview.eu\/?page_id=295"},"modified":"2025-08-07T09:17:07","modified_gmt":"2025-08-07T07:17:07","slug":"design-thinking-2","status":"publish","type":"page","link":"https:\/\/werkbank32.eu\/en\/fuer-startups\/design-thinking-2\/","title":{"rendered":"Design Thinking"},"content":{"rendered":"\n<div class=\"row block-1542668781 rmt rmb row-small \">\n\n<div class=\"col col-12 col-lg-6 block-image block-hover-effect\"style=\"padding-right:0px; padding-left: 0px;\">\n\n    <img decoding=\"async\" class=\"desk-img\" src=\"https:\/\/werkbank32.eu\/wp-content\/uploads\/2024\/02\/Design-Thinking-3-960x540.jpg\" alt=\"\" loading=\"lazy\">\n    <img decoding=\"async\" class=\"mob-img\" src=\"https:\/\/werkbank32.eu\/wp-content\/uploads\/2024\/02\/Design-Thinking-3-576x324.jpg\" alt=\"\" loading=\"lazy\">\n    <\/div>\n\n\n            <link rel=\"stylesheet\" type=\"text\/css\" href=\"https:\/\/werkbank32.eu\/wp-content\/themes\/boxed-theme\/includes\/blocks\/block_image\/style.css\">\n            \n<div class=\"col col-12 col-lg-6 block-wysiwyg\">\n\n    <h2 style=\" text-align:left;\">Entfessle Kreativit\u00e4t mit Design Thinking<\/h2>\n    \n    <h-subline style=\" text-align:left;\">Transformiere Herausforderungen in innovative L\u00f6sungen<\/h-subline>\n    <p>Design Thinking ist nicht nur eine Methode, sondern eine Denkweise, die Startups bef\u00e4higt, komplexe Probleme mit kreativen, nutzerzentrierten L\u00f6sungen zu \u00fcberwinden. Wir bieten einen interaktiven Workshop, der Dich durch den gesamten Design-Thinking-Prozess f\u00fchrt \u2013 von der Empathie \u00fcber die Definition und Ideenfindung bis hin zu Prototyping und Testing. Unsere erfahrenen Mentoren unterst\u00fctzen Dich dabei, Deine Ideen schnell zu validieren und in marktreife Produkte zu verwandeln.<\/p>\n \n      <div class=\"block-links\" style=\"text-align:left;\"><a class=\"btn btn-primary hero-link-first\" href=\"#Aufz\u00e4hlung\" target=\"\">Mehr<\/a>\n      <\/div>\n  <\/div>            <link rel=\"stylesheet\" type=\"text\/css\" href=\"https:\/\/werkbank32.eu\/wp-content\/themes\/boxed-theme\/includes\/blocks\/block_wysiwyg\/style.css\">\n            <\/div>\n\n\n<div id=\"Aufz\u00e4hlung\" class=\"row block-1881958420 rmt rmb row-small \">\n\n    <style>\n    .block-counted.ident23883544 p,\n    .block-counted.ident23883544 span {\n     color:#194673;\n    }\n    <\/style>\n    \n<div class=\"col col-12 col-lg-12 block-counted ident23883544\" style=\"color:#194673; padding-top:50px; padding-bottom:50px;\">\n<div class=\"row\">\n            <div class=\"col-12 col-lg-6 counted-container\">\n                <span class=\"counter\">1<\/span>\n                <p class=\"counted-content\">Empathie und Nutzerzentrierung: \r\nLerne, dich in deine Zielgruppe hineinzuversetzen, um deren echte Bed\u00fcrfnisse und Probleme zu verstehen.\r\n<p>\n            <\/div>\n            \n            <div class=\"col-12 col-lg-6 counted-container\">\n                <span class=\"counter\">2<\/span>\n                <p class=\"counted-content\">Kreative Ideenfindung: \r\nEntwickle durch kollaboratives Brainstorming innovative L\u00f6sungsans\u00e4tze.\r\n\r\n<p>\n            <\/div>\n            \n            <div class=\"col-12 col-lg-6 counted-container\">\n                <span class=\"counter\">3<\/span>\n                <p class=\"counted-content\">Rapid Prototyping: \r\nVerwandle Ideen schnell in greifbare Prototypen, um Feedback und wertvolle Erkenntnisse zu sammeln.\r\n<p>\n            <\/div>\n            \n            <div class=\"col-12 col-lg-6 counted-container\">\n                <span class=\"counter\">4<\/span>\n                <p class=\"counted-content\">Iteratives Testen: \r\nVerbessere deine L\u00f6sungen fortlaufend durch zyklisches Testen und Anpassen basierend auf Nutzerfeedback.<p>\n            <\/div>\n            <\/div><\/div>            <link rel=\"stylesheet\" type=\"text\/css\" href=\"https:\/\/werkbank32.eu\/wp-content\/themes\/boxed-theme\/includes\/blocks\/block_counted\/style.css\">\n            <\/div>\n\n\n<div class=\"row block-1554000443 rmt rmb row-small \">\n\n<div class=\"col col-12 col-lg-12 block-contact-person block-hover-effect\"style=\"padding-top:50px; padding-bottom:50px;\">\n<div class=\"row\">\n        <div class=\"col-12 col-lg-6 thumb-container\">\n        <img decoding=\"async\" data-no-translation src=\"https:\/\/werkbank32.eu\/wp-content\/uploads\/2024\/02\/prof-dr-alexander-knauer-500.jpg\">\n        <img decoding=\"async\" data-no-translation class=\"frame-loops\" src=\"\/wp-content\/themes\/boxed-theme\/includes\/media\/theme-icons\/image-frame-loops.svg\">\n        <\/div>\n        <div class=\"col-12 col-lg-6 content-container\">\n            <div class=\"contact-pers-head\">\n                <span class=\"contact-pers-title\">\n                    Prof. Alexander Knauer\n                <\/span>\n                <span class=\"contact-pers-job\">\n                    Gesch\u00e4ftsf\u00fchrer \n                <\/span>\n            <\/div>\n            <div class=\"contaact-pers-possibl\">\n                <a href=\"mailto:alexander.knauer@teleskopeffekt.de\"><img decoding=\"async\" class=\"svg-icon icon-mail-outlined\" src=\"https:\/\/werkbank32.eu\/wp-content\/themes\/boxed-theme\/includes\/media\/icons\/mail-outlined.svg\" alt=\"mail-outlined\"><\/a><a href=\"https:\/\/www.linkedin.com\/in\/alexanderknauer\/\"><img decoding=\"async\" class=\"svg-icon icon-linkedin-fill\" src=\"https:\/\/werkbank32.eu\/wp-content\/themes\/boxed-theme\/includes\/media\/icons\/linkedin-fill.svg\" alt=\"linkedin-fill\"><\/a>\n            <\/div>\n           <a class=\"btn btn-cta\"href=\"mailto:alexander.knauer@teleskopeffekt.de\">JETZT KONTAKT AUFNEHMEN<\/a>\n        <\/div>\n        <script type=\"application\/ld+json\">\n        {\n        \"@context\": \"https:\/\/schema.org\/\",\n        \"@type\": \"Person\",\n        \"name\": \"Prof. Alexander Knauer\",\n        \"jobTitle\": \"Gesch\u00e4ftsf\u00fchrer \",\n        \"url\": \"https:\/\/werkbank32.eu\/en\/team\/prof-dr-alexander-knauer\/\",\n        \"image\": \"https:\/\/werkbank32.eu\/wp-content\/uploads\/2024\/02\/prof-dr-alexander-knauer-500.jpg\",\n        \"sameAs\": \"https:\/\/www.linkedin.com\/in\/alexanderknauer\/\",\n        \"worksFor\": {\n            \"@type\": \"Organization\",\n            \"name\": \"TeleskopEffekt GmbH\"\n            }\n        }\n        <\/script>\n\n    <\/div>\n<\/div>            <link rel=\"stylesheet\" type=\"text\/css\" href=\"https:\/\/werkbank32.eu\/wp-content\/themes\/boxed-theme\/includes\/blocks\/block_contact_person\/style.css\">\n            <\/div>\n\n\n<div class=\"row block-620441638  row-small \">\n\n<div class=\"col col-12 col-lg-6 block-wysiwyg\"style=\"padding-top:50px; padding-bottom:50px;\">\n\n    <h3 style=\"color:#194673; text-align:left;\">Workshop<\/h3>\n    \n    <h-subline style=\"color:#194673; text-align:left;\">Innovation durch Design Thinking<\/h-subline>\n    <p>Im Herzen unseres Design Thinking Workshops steht die \u00dcberzeugung, dass jeder kreativ sein kann. Wir zeigen dir, wie du innovative L\u00f6sungen f\u00fcr die Herausforderungen deines Startups entwickelst, indem du Probleme aus verschiedenen Blickwinkeln betrachtest. Durch praxisnahe \u00dcbungen und die Begleitung erfahrener Mentoren lernst du, Ideen schnell zu testen und in marktf\u00e4hige Produkte zu verwandeln. Nutze die Chance, dein Startup auf das n\u00e4chste Level zu heben.<\/p>\n<ol>\n<li><strong> Nutzerzentrierte L\u00f6sungen:<\/strong> Entwickle L\u00f6sungen, die wirklich auf die Bed\u00fcrfnisse deiner Kunden zugeschnitten sind.<\/li>\n<li><strong> Kreativit\u00e4t im Team f\u00f6rdern: <\/strong>Nutze die kollektive Kreativit\u00e4t deines Teams, um au\u00dfergew\u00f6hnliche Ideen zu entdecken.<\/li>\n<li><strong> Prototyping: <\/strong>Erfahre, wie du schnell Prototypen erstellst, um deine Ideen effektiv zu testen.<\/li>\n<li><strong> Agiles Feedback: <\/strong>Sammle wertvolles Feedback von Nutzern, um deine L\u00f6sungen kontinuierlich zu optimieren.<\/li>\n<\/ol>\n \n      <div class=\"block-links\" style=\"text-align:left;\"><a class=\"btn btn-primary hero-link-first ext\" href=\"https:\/\/share-eu1.hsforms.com\/1gV0lMhsyT9uKKqhIbcKfeA2dd7dn\" target=\"\">JETZT ANFRAGEN<\/a>\n      <\/div>\n  <\/div>            <link rel=\"stylesheet\" type=\"text\/css\" href=\"https:\/\/werkbank32.eu\/wp-content\/themes\/boxed-theme\/includes\/blocks\/block_wysiwyg\/style.css\">\n            \n<div class=\"col col-12 col-lg-6 block-image block-hover-effect\"style=\"padding-top:50px; padding-bottom:50px;\">\n\n    <img decoding=\"async\" class=\"desk-img\" src=\"https:\/\/werkbank32.eu\/wp-content\/uploads\/2024\/02\/56-Portraits_056-scaled-960x720.jpg\" alt=\"\" loading=\"lazy\">\n    <img decoding=\"async\" class=\"mob-img\" src=\"https:\/\/werkbank32.eu\/wp-content\/uploads\/2024\/02\/56-Portraits_056-scaled-576x432.jpg\" alt=\"\" loading=\"lazy\">\n    <\/div>\n\n\n            <link rel=\"stylesheet\" type=\"text\/css\" href=\"https:\/\/werkbank32.eu\/wp-content\/themes\/boxed-theme\/includes\/blocks\/block_image\/style.css\">\n            <\/div>\n\n\n<div class=\"row block-695004872 rmt rmb row-small-back-overfl no-overflow \" style=\"background:#194673;\">\n\n    \n    <h4 style=\"color:#ffffff; text-align:center;\">Entdecke neue Perspektiven und entfessele die Innovationskraft deines Startups.<\/h4>\n    \n    \n    <style>\n    .block-wysiwyg.ident72718446 p,\n    .block-wysiwyg.ident72718446 span {\n     color:#ffffff;\n    }\n    <\/style>\n    \n<div class=\"col col-12 col-lg-12 block-wysiwyg ident72718446\" style=\"color:#ffffff;\">\n<p style=\"text-align: center\">Einblicke in die Theorie hinter Design Thinking<\/p>\n<p style=\"text-align: center\">Melde dich!<\/p>\n \n      <div class=\"block-links\" style=\"text-align:center;\"><a class=\"btn btn-cta-inv hero-link-first ext\" href=\"https:\/\/share-eu1.hsforms.com\/1gV0lMhsyT9uKKqhIbcKfeA2dd7dn\" target=\"\">JETZT BUCHEN<\/a>\n      <\/div>\n  <\/div>            <link rel=\"stylesheet\" type=\"text\/css\" href=\"https:\/\/werkbank32.eu\/wp-content\/themes\/boxed-theme\/includes\/blocks\/block_wysiwyg\/style.css\">\n            <\/div>\n\n\n<div class=\"row block-28304666 rmt rmb row-small \">\n\n    <style>\n    .block-faq.ident46884356 p,\n    .block-faq.ident46884356 span {\n     color:#0c121c;\n    }\n    <\/style>\n    \n<div class=\"col col-12 col-lg-12 block-faq ident46884356\" style=\"color:#0c121c; padding-top:50px; padding-bottom:50px;\">\n\n    <h2 style=\"color:#194673; text-align:left;\">FAQ<\/h2>\n    <div class=\"row\"><div class=\"col-12 col-lg-6\">\n               <h3>Was ist Design Thinking?<\/h3>\n                <p>Design Thinking ist ein kreativer Ansatz f\u00fcr bessere L\u00f6sungen, der auf Zusammenarbeit, Kommunikation und iteratives Vorgehen basiert. Es zielt darauf ab, menschliche Bed\u00fcrfnisse in den Mittelpunkt zu stellen und L\u00f6sungen zu entwickeln, die diesen Bed\u00fcrfnissen entsprechen. Design Thinking wird h\u00e4ufig in der Produktentwicklung angewendet, kann aber auch in anderen Bereichen wie Marketing, Strategie und Organisationsentwicklung eingesetzt werden.<\/p>\n            <\/div><div class=\"col-12 col-lg-6\">\n               <h3>Was macht Design Thinking so besonders? <\/h3>\n                <p>Design Thinking stellt den Nutzer in den Mittelpunkt, f\u00f6rdert Teamkreativit\u00e4t und unterst\u00fctzt schnelles Lernen durch Prototyping und Testing.<\/p>\n            <\/div><div class=\"col-12 col-lg-6\">\n               <h3>Muss ich Designer sein, um Design Thinking zu nutzen? <\/h3>\n                <p>Nein, Design Thinking ist f\u00fcr jeden gedacht, der kreative Probleml\u00f6sungen entwickeln m\u00f6chte, unabh\u00e4ngig vom beruflichen Hintergrund.<\/p>\n            <\/div><div class=\"col-12 col-lg-6\">\n               <h3>Unsere Workshops sind flexibel gestaltet und passen sich den Bed\u00fcrfnissen deines Startups an \u2013 von eint\u00e4gigen Intensivkursen bis hin zu mehrw\u00f6chigen Projekten.<\/h3>\n                <p>Wie lange dauert ein Design-Thinking-Workshop? <\/p>\n            <\/div><div class=\"col-12 col-lg-6\">\n               <h3>Wie kann Design Thinking meinem Startup helfen? <\/h3>\n                <p>Es hilft dir, Nutzerbed\u00fcrfnisse tiefer zu verstehen, innovative L\u00f6sungsans\u00e4tze zu f\u00f6rdern und die Entwicklung von Produkten zu beschleunigen, die wirklich einen Unterschied machen.<\/p>\n            <\/div><div class=\"col-12 col-lg-6\">\n               <h3>Welche Tools braucht man, um einen kreativen Prozess zu unterst\u00fctzen?<\/h3>\n                <p>Um einen kreativen Prozess zu unterst\u00fctzen, braucht man einige spezielle Tools und Methoden. Dazu geh\u00f6ren zum Beispiel Methoden, wie Emapthy Map oder Personas, hinzukommend auch Kreativit\u00e4tstechniken wie Brainstorming, Mind-Mapping oder Six-Thinking-Hats. Auch Materialien f\u00fcr den Prototyping-Prozess wie Lego, Knete etc. sind w\u00fcnschenswert. <\/p>\n            <\/div>\n    <script type=application\/ld+json>{\"@context\":\"https:\/\/schema.org\",\"@type\":\"FAQPage\",\"mainEntity\":[{\"@type\":\"Question\",\"name\":\"Was ist Design Thinking?\",\"acceptedAnswer\":{\"@type\":\"Answer\",\"text\":\"Design Thinking ist ein kreativer Ansatz f\u00fcr bessere L\u00f6sungen, der auf Zusammenarbeit, Kommunikation und iteratives Vorgehen basiert. Es zielt darauf ab, menschliche Bed\u00fcrfnisse in den Mittelpunkt zu stellen und L\u00f6sungen zu entwickeln, die diesen Bed\u00fcrfnissen entsprechen. Design Thinking wird h\u00e4ufig in der Produktentwicklung angewendet, kann aber auch in anderen Bereichen wie Marketing, Strategie und Organisationsentwicklung eingesetzt werden.\"}},{\"@type\":\"Question\",\"name\":\"Was macht Design Thinking so besonders? \",\"acceptedAnswer\":{\"@type\":\"Answer\",\"text\":\"Design Thinking stellt den Nutzer in den Mittelpunkt, f\u00f6rdert Teamkreativit\u00e4t und unterst\u00fctzt schnelles Lernen durch Prototyping und Testing.\"}},{\"@type\":\"Question\",\"name\":\"Muss ich Designer sein, um Design Thinking zu nutzen? \",\"acceptedAnswer\":{\"@type\":\"Answer\",\"text\":\"Nein, Design Thinking ist f\u00fcr jeden gedacht, der kreative Probleml\u00f6sungen entwickeln m\u00f6chte, unabh\u00e4ngig vom beruflichen Hintergrund.\"}},{\"@type\":\"Question\",\"name\":\"Unsere Workshops sind flexibel gestaltet und passen sich den Bed\u00fcrfnissen deines Startups an \u2013 von eint\u00e4gigen Intensivkursen bis hin zu mehrw\u00f6chigen Projekten.\",\"acceptedAnswer\":{\"@type\":\"Answer\",\"text\":\"Wie lange dauert ein Design-Thinking-Workshop? \"}},{\"@type\":\"Question\",\"name\":\"Wie kann Design Thinking meinem Startup helfen? \",\"acceptedAnswer\":{\"@type\":\"Answer\",\"text\":\"Es hilft dir, Nutzerbed\u00fcrfnisse tiefer zu verstehen, innovative L\u00f6sungsans\u00e4tze zu f\u00f6rdern und die Entwicklung von Produkten zu beschleunigen, die wirklich einen Unterschied machen.\"}},{\"@type\":\"Question\",\"name\":\"Welche Tools braucht man, um einen kreativen Prozess zu unterst\u00fctzen?\",\"acceptedAnswer\":{\"@type\":\"Answer\",\"text\":\"Um einen kreativen Prozess zu unterst\u00fctzen, braucht man einige spezielle Tools und Methoden. Dazu geh\u00f6ren zum Beispiel Methoden, wie Emapthy Map oder Personas, hinzukommend auch Kreativit\u00e4tstechniken wie Brainstorming, Mind-Mapping oder Six-Thinking-Hats. Auch Materialien f\u00fcr den Prototyping-Prozess wie Lego, Knete etc. sind w\u00fcnschenswert. \"}}\n        ]} <\/script><\/div><\/div>            <link rel=\"stylesheet\" type=\"text\/css\" href=\"https:\/\/werkbank32.eu\/wp-content\/themes\/boxed-theme\/includes\/blocks\/block_faq\/style.css\">\n            <\/div>","protected":false},"excerpt":{"rendered":"","protected":false},"author":7,"featured_media":0,"parent":265,"menu_order":0,"comment_status":"closed","ping_status":"closed","template":"page-standard.php","meta":{"_acf_changed":true,"content-type":"","_price":"","_stock":"","_tribe_ticket_header":"","_tribe_default_ticket_provider":"","_tribe_ticket_capacity":"0","_ticket_start_date":"","_ticket_end_date":"","_tribe_ticket_show_description":"","_tribe_ticket_show_not_going":false,"_tribe_ticket_use_global_stock":"","_tribe_ticket_global_stock_level":"","_global_stock_mode":"","_global_stock_cap":"","_tribe_rsvp_for_event":"","_tribe_ticket_going_count":"","_tribe_ticket_not_going_count":"","_tribe_tickets_list":"[]","_tribe_ticket_has_attendee_info_fields":false,"footnotes":""},"class_list":["post-295","page","type-page","status-publish","hentry"],"acf":[],"yoast_head":"<!-- This site is optimized with the Yoast SEO plugin v27.2 - https:\/\/yoast.com\/product\/yoast-seo-wordpress\/ -->\n<title>Design Thinking - Werkbank32<\/title>\n<meta name=\"robots\" content=\"index, follow, max-snippet:-1, max-image-preview:large, max-video-preview:-1\" \/>\n<link rel=\"canonical\" href=\"https:\/\/werkbank32.eu\/en\/for-startups-2\/design-thinking-2\/\" \/>\n<meta property=\"og:locale\" content=\"en_US\" \/>\n<meta property=\"og:type\" content=\"article\" \/>\n<meta property=\"og:title\" content=\"Design Thinking - Werkbank32\" \/>\n<meta property=\"og:url\" content=\"https:\/\/werkbank32.eu\/en\/for-startups-2\/design-thinking-2\/\" \/>\n<meta property=\"og:site_name\" content=\"Werkbank32\" \/>\n<meta property=\"article:modified_time\" content=\"2025-08-07T07:17:07+00:00\" \/>\n<meta name=\"twitter:card\" content=\"summary_large_image\" \/>\n<script type=\"application\/ld+json\" class=\"yoast-schema-graph\">{\"@context\":\"https:\/\/schema.org\",\"@graph\":[{\"@type\":\"WebPage\",\"@id\":\"https:\/\/werkbank32.eu\/fuer-startups\/design-thinking-2\/\",\"url\":\"https:\/\/werkbank32.eu\/fuer-startups\/design-thinking-2\/\",\"name\":\"Design Thinking - Werkbank32\",\"isPartOf\":{\"@id\":\"https:\/\/werkbank32.eu\/#website\"},\"datePublished\":\"2023-11-27T09:41:22+00:00\",\"dateModified\":\"2025-08-07T07:17:07+00:00\",\"breadcrumb\":{\"@id\":\"https:\/\/werkbank32.eu\/fuer-startups\/design-thinking-2\/#breadcrumb\"},\"inLanguage\":\"en-US\",\"potentialAction\":[{\"@type\":\"ReadAction\",\"target\":[\"https:\/\/werkbank32.eu\/fuer-startups\/design-thinking-2\/\"]}]},{\"@type\":\"BreadcrumbList\",\"@id\":\"https:\/\/werkbank32.eu\/fuer-startups\/design-thinking-2\/#breadcrumb\",\"itemListElement\":[{\"@type\":\"ListItem\",\"position\":1,\"name\":\"Werkbank32\",\"item\":\"https:\/\/werkbank32.eu\/\"},{\"@type\":\"ListItem\",\"position\":2,\"name\":\"f\u00fcr Startups\",\"item\":\"https:\/\/werkbank32.eu\/fuer-startups\/\"},{\"@type\":\"ListItem\",\"position\":3,\"name\":\"Design Thinking\"}]},{\"@type\":\"WebSite\",\"@id\":\"https:\/\/werkbank32.eu\/#website\",\"url\":\"https:\/\/werkbank32.eu\/\",\"name\":\"Werkbank32\",\"description\":\"\",\"potentialAction\":[{\"@type\":\"SearchAction\",\"target\":{\"@type\":\"EntryPoint\",\"urlTemplate\":\"https:\/\/werkbank32.eu\/?s={search_term_string}\"},\"query-input\":{\"@type\":\"PropertyValueSpecification\",\"valueRequired\":true,\"valueName\":\"search_term_string\"}}],\"inLanguage\":\"en-US\"}]}<\/script>\n<!-- \/ Yoast SEO plugin. -->","yoast_head_json":{"title":"Design Thinking - Werkbank32","robots":{"index":"index","follow":"follow","max-snippet":"max-snippet:-1","max-image-preview":"max-image-preview:large","max-video-preview":"max-video-preview:-1"},"canonical":"https:\/\/werkbank32.eu\/en\/for-startups-2\/design-thinking-2\/","og_locale":"en_US","og_type":"article","og_title":"Design Thinking - Werkbank32","og_url":"https:\/\/werkbank32.eu\/en\/for-startups-2\/design-thinking-2\/","og_site_name":"Werkbank32","article_modified_time":"2025-08-07T07:17:07+00:00","twitter_card":"summary_large_image","schema":{"@context":"https:\/\/schema.org","@graph":[{"@type":"WebPage","@id":"https:\/\/werkbank32.eu\/fuer-startups\/design-thinking-2\/","url":"https:\/\/werkbank32.eu\/fuer-startups\/design-thinking-2\/","name":"Design Thinking - Werkbank32","isPartOf":{"@id":"https:\/\/werkbank32.eu\/#website"},"datePublished":"2023-11-27T09:41:22+00:00","dateModified":"2025-08-07T07:17:07+00:00","breadcrumb":{"@id":"https:\/\/werkbank32.eu\/fuer-startups\/design-thinking-2\/#breadcrumb"},"inLanguage":"en-US","potentialAction":[{"@type":"ReadAction","target":["https:\/\/werkbank32.eu\/fuer-startups\/design-thinking-2\/"]}]},{"@type":"BreadcrumbList","@id":"https:\/\/werkbank32.eu\/fuer-startups\/design-thinking-2\/#breadcrumb","itemListElement":[{"@type":"ListItem","position":1,"name":"Werkbank32","item":"https:\/\/werkbank32.eu\/"},{"@type":"ListItem","position":2,"name":"f\u00fcr Startups","item":"https:\/\/werkbank32.eu\/fuer-startups\/"},{"@type":"ListItem","position":3,"name":"Design Thinking"}]},{"@type":"WebSite","@id":"https:\/\/werkbank32.eu\/#website","url":"https:\/\/werkbank32.eu\/","name":"Werkbank32","description":"","potentialAction":[{"@type":"SearchAction","target":{"@type":"EntryPoint","urlTemplate":"https:\/\/werkbank32.eu\/?s={search_term_string}"},"query-input":{"@type":"PropertyValueSpecification","valueRequired":true,"valueName":"search_term_string"}}],"inLanguage":"en-US"}]}},"_links":{"self":[{"href":"https:\/\/werkbank32.eu\/en\/wp-json\/wp\/v2\/pages\/295","targetHints":{"allow":["GET"]}}],"collection":[{"href":"https:\/\/werkbank32.eu\/en\/wp-json\/wp\/v2\/pages"}],"about":[{"href":"https:\/\/werkbank32.eu\/en\/wp-json\/wp\/v2\/types\/page"}],"author":[{"embeddable":true,"href":"https:\/\/werkbank32.eu\/en\/wp-json\/wp\/v2\/users\/7"}],"replies":[{"embeddable":true,"href":"https:\/\/werkbank32.eu\/en\/wp-json\/wp\/v2\/comments?post=295"}],"version-history":[{"count":0,"href":"https:\/\/werkbank32.eu\/en\/wp-json\/wp\/v2\/pages\/295\/revisions"}],"up":[{"embeddable":true,"href":"https:\/\/werkbank32.eu\/en\/wp-json\/wp\/v2\/pages\/265"}],"wp:attachment":[{"href":"https:\/\/werkbank32.eu\/en\/wp-json\/wp\/v2\/media?parent=295"}],"curies":[{"name":"wp","href":"https:\/\/api.w.org\/{rel}","templated":true}]}}