{"id":1944,"date":"2024-02-28T12:43:38","date_gmt":"2024-02-28T11:43:38","guid":{"rendered":"http:\/\/teleskopeffekt.de.domainpreview.eu\/?page_id=1944"},"modified":"2025-08-07T09:19:01","modified_gmt":"2025-08-07T07:19:01","slug":"silicon-valley-program-3","status":"publish","type":"page","link":"https:\/\/werkbank32.eu\/en\/fuer-startups\/silicon-valley-program\/","title":{"rendered":"Silicon Valley Program"},"content":{"rendered":"\n<div class=\"row block-211129103 rmt rmb row-small \">\n\n<div class=\"col col-12 col-lg-6 block-image block-hover-effect\"style=\"padding-right:0px; padding-left: 0px;\">\n\n    <img decoding=\"async\" class=\"desk-img\" src=\"https:\/\/werkbank32.eu\/wp-content\/uploads\/2024\/02\/IMG_5166-960x720.jpeg\" alt=\"\" loading=\"lazy\">\n    <img decoding=\"async\" class=\"mob-img\" src=\"https:\/\/werkbank32.eu\/wp-content\/uploads\/2024\/02\/IMG_5166-576x432.jpeg\" alt=\"\" loading=\"lazy\">\n    <\/div>\n\n\n            <link rel=\"stylesheet\" type=\"text\/css\" href=\"https:\/\/werkbank32.eu\/wp-content\/themes\/boxed-theme\/includes\/blocks\/block_image\/style.css\">\n            \n<div class=\"col col-12 col-lg-6 block-wysiwyg\">\n\n    <h2 style=\" text-align:left;\">Von der Vision zur Realit\u00e4t: <\/h2>\n    \n    <h-subline style=\" text-align:left;\">Das Silicon Valley Programm<\/h-subline>\n    <p>Tauche ein in die Innovationskraft des Silicon Valleys! Unser neunmonatiges Programm, geschaffen in Kooperation mit der TH Deggendorf und der Santa Clara University, ist mehr als nur ein Accelerator f\u00fcr dein Startup. Es ist eine transformative Reise, die dein Unternehmen vom Minimum Viable Product (MVP) zum finanzierungsreifen Leuchtturmprojekt entwickelt.<\/p>\n<p>Warum das Silicon Valley Programm? In der Welt der Startups gibt es keinen Ort, der mehr f\u00fcr Innovation und Unternehmertum steht als das Silicon Valley. Mit unserem strukturierten, wissenschaftlich fundierten Ansatz profitierst du von einer tiefgreifenden Erfahrung, die dein Gesch\u00e4ftsmodell auf ein neues Niveau hebt.<\/p>\n \n      <div class=\"block-links\" style=\"text-align:left;\"><a class=\"btn btn-primary hero-link-first\" href=\"#Aufz\u00e4hlung\" target=\"\">Mehr <\/a>\n      <\/div>\n  <\/div>            <link rel=\"stylesheet\" type=\"text\/css\" href=\"https:\/\/werkbank32.eu\/wp-content\/themes\/boxed-theme\/includes\/blocks\/block_wysiwyg\/style.css\">\n            <\/div>\n\n\n<div id=\"Aufz\u00e4hlung\" class=\"row block-1440147820 rmt rmb row-small \">\n\n    <style>\n    .block-counted.ident16088734 p,\n    .block-counted.ident16088734 span {\n     color:#194673;\n    }\n    <\/style>\n    \n<div class=\"col col-12 col-lg-12 block-counted ident16088734\" style=\"color:#194673; padding-top:50px; padding-bottom:50px;\">\n\n    <h6 style=\" text-align:left;\">Deine Vorteile im Detail:<\/h6>\n    <div class=\"row\">\n            <div class=\"col-12 col-lg-6 counted-container\">\n                <span class=\"counter\">1<\/span>\n                <p class=\"counted-content\">Gesch\u00e4ftsmodell-Feinschliff: \r\nDurch unser Programm erh\u00e4ltst du die Werkzeuge und das Know-how, um dein Gesch\u00e4ftsmodell zu verfeinern und zu skalieren. Wir begleiten dich Schritt f\u00fcr Schritt durch die Herausforderungen des Wachstums, von der Validierung deines Konzepts bis hin zur Markteinf\u00fchrung und dar\u00fcber hinaus.<p>\n            <\/div>\n            \n            <div class=\"col-12 col-lg-6 counted-container\">\n                <span class=\"counter\">2<\/span>\n                <p class=\"counted-content\">Eintritt in ein globales Netzwerk: \r\nNutze die Gelegenheit, Teil eines weltweiten Netzwerks aus f\u00fchrenden Technologieexperten, Investoren und Gleichgesinnten zu werden. Dieses Netzwerk \u00f6ffnet T\u00fcren zu neuen Ressourcen, Partnerschaften und Finanzierungsm\u00f6glichkeiten.<p>\n            <\/div>\n            \n            <div class=\"col-12 col-lg-6 counted-container\">\n                <span class=\"counter\">3<\/span>\n                <p class=\"counted-content\">Mentoring durch Branchenf\u00fchrer: \r\nPers\u00f6nliche Betreuung durch erfahrene Mentoren aus dem Silicon Valley und dar\u00fcber hinaus. Unsere Mentoren bringen jahrelange Erfahrung mit und bieten dir individuelle Einsichten und Ratschl\u00e4ge, um dein Startup zum Erfolg zu f\u00fchren.<p>\n            <\/div>\n            \n            <div class=\"col-12 col-lg-6 counted-container\">\n                <span class=\"counter\">4<\/span>\n                <p class=\"counted-content\">Praxisorientierte Workshops und Erfahrungen: \r\nNeben den monatlichen Workshops, die eine breite Palette an Themen abdecken, ist die Experience Week im Silicon Valley ein absolutes Highlight. Hier erh\u00e4ltst du die Chance, deine Ideen vor Investoren zu pr\u00e4sentieren und direktes Feedback von den Besten der Branche zu erhalten.<p>\n            <\/div>\n            <\/div><\/div>            <link rel=\"stylesheet\" type=\"text\/css\" href=\"https:\/\/werkbank32.eu\/wp-content\/themes\/boxed-theme\/includes\/blocks\/block_counted\/style.css\">\n            <\/div>\n\n\n<div class=\"row block-2129682009 rmt rmb row-small \">\n\n<div class=\"col col-12 col-lg-12 block-contact-person block-hover-effect\"style=\"padding-top:50px; padding-bottom:50px;\">\n<div class=\"row\">\n        <div class=\"col-12 col-lg-6 thumb-container\">\n        <img decoding=\"async\" data-no-translation src=\"https:\/\/werkbank32.eu\/wp-content\/uploads\/2024\/02\/prof-dr-alexander-knauer-500.jpg\">\n        <img decoding=\"async\" data-no-translation class=\"frame-loops\" src=\"\/wp-content\/themes\/boxed-theme\/includes\/media\/theme-icons\/image-frame-loops.svg\">\n        <\/div>\n        <div class=\"col-12 col-lg-6 content-container\">\n            <div class=\"contact-pers-head\">\n                <span class=\"contact-pers-title\">\n                    Prof. Alexander Knauer\n                <\/span>\n                <span class=\"contact-pers-job\">\n                    Gesch\u00e4ftsf\u00fchrer \n                <\/span>\n            <\/div>\n            <div class=\"contaact-pers-possibl\">\n                <a href=\"mailto:alexander.knauer@teleskopeffekt.de\"><img decoding=\"async\" class=\"svg-icon icon-mail-outlined\" src=\"https:\/\/werkbank32.eu\/wp-content\/themes\/boxed-theme\/includes\/media\/icons\/mail-outlined.svg\" alt=\"mail-outlined\"><\/a><a href=\"https:\/\/www.linkedin.com\/in\/alexanderknauer\/\"><img decoding=\"async\" class=\"svg-icon icon-linkedin-fill\" src=\"https:\/\/werkbank32.eu\/wp-content\/themes\/boxed-theme\/includes\/media\/icons\/linkedin-fill.svg\" alt=\"linkedin-fill\"><\/a>\n            <\/div>\n           <a class=\"btn btn-cta\"href=\"mailto:alexander.knauer@teleskopeffekt.de\">JETZT KONTAKT AUFNEHMEN<\/a>\n        <\/div>\n        <script type=\"application\/ld+json\">\n        {\n        \"@context\": \"https:\/\/schema.org\/\",\n        \"@type\": \"Person\",\n        \"name\": \"Prof. Alexander Knauer\",\n        \"jobTitle\": \"Gesch\u00e4ftsf\u00fchrer \",\n        \"url\": \"https:\/\/werkbank32.eu\/en\/team\/prof-dr-alexander-knauer\/\",\n        \"image\": \"https:\/\/werkbank32.eu\/wp-content\/uploads\/2024\/02\/prof-dr-alexander-knauer-500.jpg\",\n        \"sameAs\": \"https:\/\/www.linkedin.com\/in\/alexanderknauer\/\",\n        \"worksFor\": {\n            \"@type\": \"Organization\",\n            \"name\": \"TeleskopEffekt GmbH\"\n            }\n        }\n        <\/script>\n\n    <\/div>\n<\/div>            <link rel=\"stylesheet\" type=\"text\/css\" href=\"https:\/\/werkbank32.eu\/wp-content\/themes\/boxed-theme\/includes\/blocks\/block_contact_person\/style.css\">\n            <\/div>\n\n\n<div class=\"row block-588024588  row-small \">\n\n<div class=\"col col-12 col-lg-6 block-wysiwyg\"style=\"padding-top:50px; padding-bottom:50px;\">\n\n    <h3 style=\"color:#194673; text-align:left;\">Tauche ein in die Welt der Spitzeninnovation mit unserem Silicon Valley Programm.<\/h3>\n    <p><strong>Was sich erwartet: <\/strong><\/p>\n<ul>\n<li>In nur neun Monaten begleiten wir dich von der ersten Idee bis zur Marktreife deines Produkts.<\/li>\n<li>Dieses einzigartige Programm, entwickelt in Kooperation mit international renommierten Institutionen, bietet dir nicht nur Zugang zu einem weltweiten Netzwerk aus Investoren und Experten, sondern auch die Chance, dein Startup in der Wiege der technologischen Revolution zu pr\u00e4sentieren.<\/li>\n<li>Mit individuellem Mentoring, ma\u00dfgeschneiderten Workshops und der unvergleichlichen Experience Week im Silicon Valley r\u00fcsten wir dich f\u00fcr den globalen Markt.<\/li>\n<\/ul>\n<p><strong>Bist du bereit, deinem Startup den entscheidenden Vorsprung zu verschaffen?<\/strong><\/p>\n<p>Melde dich jetzt an und beginne die Reise, die dein Unternehmen transformieren wird.<\/p>\n \n      <div class=\"block-links\" style=\"text-align:left;\"><a class=\"btn btn-primary hero-link-first ext\" href=\"https:\/\/share-eu1.hsforms.com\/1NlSO8G12SVKk4KQ0We_tPg2dd7dn\" target=\"\">BEWERBUNG EINREICHEN<\/a>\n      <\/div>\n  <\/div>            <link rel=\"stylesheet\" type=\"text\/css\" href=\"https:\/\/werkbank32.eu\/wp-content\/themes\/boxed-theme\/includes\/blocks\/block_wysiwyg\/style.css\">\n            \n<div class=\"col col-12 col-lg-6 block-image block-hover-effect\"style=\"padding-top:50px; padding-bottom:50px;\">\n\n    <img decoding=\"async\" class=\"desk-img\" src=\"https:\/\/werkbank32.eu\/wp-content\/uploads\/2024\/02\/Programmablauf-960x679.jpg\" alt=\"\" loading=\"lazy\">\n    <img decoding=\"async\" class=\"mob-img\" src=\"https:\/\/werkbank32.eu\/wp-content\/uploads\/2024\/02\/Programmablauf-576x407.jpg\" alt=\"\" loading=\"lazy\">\n    <\/div>\n\n\n            <link rel=\"stylesheet\" type=\"text\/css\" href=\"https:\/\/werkbank32.eu\/wp-content\/themes\/boxed-theme\/includes\/blocks\/block_image\/style.css\">\n            <\/div>\n\n\n<div class=\"row block-1583405109 rmt rmb row-small-back-overfl no-overflow \" style=\"background:#194673;\">\n\n    \n    <h6 style=\"color:#ffffff; text-align:center;\">Silicon Valley Programm <\/h6>\n    \n    \n    <h-subline style=\"color:#ffffff; text-align:center;\">Eine Chance, tief in die Welt der Innovation einzutauchen und dein Startup mit den richtigen Werkzeugen, Kenntnissen und Kontakten auszustatten!<\/h-subline>\n    \n    <style>\n    .block-wysiwyg.ident13320410 p,\n    .block-wysiwyg.ident13320410 span {\n     color:#ffffff;\n    }\n    <\/style>\n    \n<div class=\"col col-12 col-lg-12 block-wysiwyg ident13320410\" style=\"color:#ffffff;\">\n<p style=\"text-align: center\"><strong>Bist du bereit, den n\u00e4chsten Schritt zu machen? <\/strong><\/p>\n \n      <div class=\"block-links\" style=\"text-align:center;\"><a class=\"btn btn-cta-inv hero-link-first ext\" href=\"https:\/\/share-eu1.hsforms.com\/1zDcxjv5jTqqFJsQWw5Rcxg2dd7dn\" target=\"\">JETZT BUCHEN<\/a>\n      <\/div>\n  <\/div>            <link rel=\"stylesheet\" type=\"text\/css\" href=\"https:\/\/werkbank32.eu\/wp-content\/themes\/boxed-theme\/includes\/blocks\/block_wysiwyg\/style.css\">\n            <\/div>\n\n\n<div class=\"row block-964142669 rmt rmb row-small \">\n\n    <style>\n    .block-faq.ident58423689 p,\n    .block-faq.ident58423689 span {\n     color:#0c121c;\n    }\n    <\/style>\n    \n<div class=\"col col-12 col-lg-12 block-faq ident58423689\" style=\"color:#0c121c; padding-top:50px; padding-bottom:50px;\">\n\n    <h2 style=\"color:#194673; text-align:left;\">FAQ<\/h2>\n    <div class=\"row\"><div class=\"col-12 col-lg-6\">\n               <h3>F\u00fcr welche Art von Startups ist das Programm gedacht? <\/h3>\n                <p>Es richtet sich an Startups mit einem MVP, ersten zahlenden Kunden und dem Ziel, schnell zu wachsen und ihr Gesch\u00e4ftsmodell zu optimieren.<\/p>\n            <\/div><div class=\"col-12 col-lg-6\">\n               <h3>Welche spezifischen Vorteile bietet das Programm?<\/h3>\n                <p>Neben einem ma\u00dfgeschneiderten Mentoring und Zugang zu einem globalen Netzwerk, bietet das Programm praktische Workshops und die einzigartige M\u00f6glichkeit, das \u00d6kosystem des Silicon Valleys aus n\u00e4chster N\u00e4he zu erleben.<\/p>\n            <\/div><div class=\"col-12 col-lg-6\">\n               <h3>Wie kann ich mich f\u00fcr das Programm bewerben? <\/h3>\n                <p>Kontaktiere Marion direkt, um mehr \u00fcber den Bewerbungsprozess zu erfahren und wie du dein Startup positionieren kannst, um ausgew\u00e4hlt zu werden.<\/p>\n            <\/div><div class=\"col-12 col-lg-6\">\n               <h3>Ist das Programm auch f\u00fcr internationale Startups zug\u00e4nglich? <\/h3>\n                <p>Ja, das Programm ist f\u00fcr Startups aus der ganzen Welt offen. Es bietet eine gro\u00dfartige Plattform, um internationale Netzwerke zu bilden und globale Perspektiven zu gewinnen.<\/p>\n            <\/div><div class=\"col-12 col-lg-6\">\n               <h3>Welche Verpflichtungen kommen auf mein Startup zu? <\/h3>\n                <p>Neben der zeitlichen Investition f\u00fcr die Teilnahme an Workshops und Mentoring-Sessions, wird eine Teilnahmegeb\u00fchr von 20.000\u20ac f\u00fcr das gesamte Programm f\u00e4llig.<\/p>\n            <\/div><div class=\"col-12 col-lg-6\">\n               <h3>Was passiert nach dem Programm?<\/h3>\n                <p> Nach Abschluss des Programms wirst du Teil unserer Alumni-Community, erh\u00e4ltst weiterhin Zugang zu unserem Netzwerk und bleibst mit den neuesten Trends und M\u00f6glichkeiten in Kontakt.<\/p>\n            <\/div>\n    <script type=application\/ld+json>{\"@context\":\"https:\/\/schema.org\",\"@type\":\"FAQPage\",\"mainEntity\":[{\"@type\":\"Question\",\"name\":\"F\u00fcr welche Art von Startups ist das Programm gedacht? \",\"acceptedAnswer\":{\"@type\":\"Answer\",\"text\":\"Es richtet sich an Startups mit einem MVP, ersten zahlenden Kunden und dem Ziel, schnell zu wachsen und ihr Gesch\u00e4ftsmodell zu optimieren.\"}},{\"@type\":\"Question\",\"name\":\"Welche spezifischen Vorteile bietet das Programm?\",\"acceptedAnswer\":{\"@type\":\"Answer\",\"text\":\"Neben einem ma\u00dfgeschneiderten Mentoring und Zugang zu einem globalen Netzwerk, bietet das Programm praktische Workshops und die einzigartige M\u00f6glichkeit, das \u00d6kosystem des Silicon Valleys aus n\u00e4chster N\u00e4he zu erleben.\"}},{\"@type\":\"Question\",\"name\":\"Wie kann ich mich f\u00fcr das Programm bewerben? \",\"acceptedAnswer\":{\"@type\":\"Answer\",\"text\":\"Kontaktiere Marion direkt, um mehr \u00fcber den Bewerbungsprozess zu erfahren und wie du dein Startup positionieren kannst, um ausgew\u00e4hlt zu werden.\"}},{\"@type\":\"Question\",\"name\":\"Ist das Programm auch f\u00fcr internationale Startups zug\u00e4nglich? \",\"acceptedAnswer\":{\"@type\":\"Answer\",\"text\":\"Ja, das Programm ist f\u00fcr Startups aus der ganzen Welt offen. Es bietet eine gro\u00dfartige Plattform, um internationale Netzwerke zu bilden und globale Perspektiven zu gewinnen.\"}},{\"@type\":\"Question\",\"name\":\"Welche Verpflichtungen kommen auf mein Startup zu? \",\"acceptedAnswer\":{\"@type\":\"Answer\",\"text\":\"Neben der zeitlichen Investition f\u00fcr die Teilnahme an Workshops und Mentoring-Sessions, wird eine Teilnahmegeb\u00fchr von 20.000\u20ac f\u00fcr das gesamte Programm f\u00e4llig.\"}},{\"@type\":\"Question\",\"name\":\"Was passiert nach dem Programm?\",\"acceptedAnswer\":{\"@type\":\"Answer\",\"text\":\" Nach Abschluss des Programms wirst du Teil unserer Alumni-Community, erh\u00e4ltst weiterhin Zugang zu unserem Netzwerk und bleibst mit den neuesten Trends und M\u00f6glichkeiten in Kontakt.\"}}\n        ]} <\/script><\/div><\/div>            <link rel=\"stylesheet\" type=\"text\/css\" href=\"https:\/\/werkbank32.eu\/wp-content\/themes\/boxed-theme\/includes\/blocks\/block_faq\/style.css\">\n            <\/div>","protected":false},"excerpt":{"rendered":"","protected":false},"author":7,"featured_media":0,"parent":265,"menu_order":0,"comment_status":"closed","ping_status":"closed","template":"page-standard.php","meta":{"_acf_changed":true,"content-type":"","_price":"","_stock":"","_tribe_ticket_header":"","_tribe_default_ticket_provider":"","_tribe_ticket_capacity":"0","_ticket_start_date":"","_ticket_end_date":"","_tribe_ticket_show_description":"","_tribe_ticket_show_not_going":false,"_tribe_ticket_use_global_stock":"","_tribe_ticket_global_stock_level":"","_global_stock_mode":"","_global_stock_cap":"","_tribe_rsvp_for_event":"","_tribe_ticket_going_count":"","_tribe_ticket_not_going_count":"","_tribe_tickets_list":"[]","_tribe_ticket_has_attendee_info_fields":false,"footnotes":""},"class_list":["post-1944","page","type-page","status-publish","hentry"],"acf":[],"yoast_head":"<!-- This site is optimized with the Yoast SEO plugin v27.2 - https:\/\/yoast.com\/product\/yoast-seo-wordpress\/ -->\n<title>Silicon Valley Program - Werkbank32<\/title>\n<meta name=\"robots\" content=\"index, follow, max-snippet:-1, max-image-preview:large, max-video-preview:-1\" \/>\n<link rel=\"canonical\" href=\"https:\/\/werkbank32.eu\/en\/for-startups-2\/silicon-valley-program-3\/\" \/>\n<meta property=\"og:locale\" content=\"en_US\" \/>\n<meta property=\"og:type\" content=\"article\" \/>\n<meta property=\"og:title\" content=\"Silicon Valley Program - Werkbank32\" \/>\n<meta property=\"og:url\" content=\"https:\/\/werkbank32.eu\/en\/for-startups-2\/silicon-valley-program-3\/\" \/>\n<meta property=\"og:site_name\" content=\"Werkbank32\" \/>\n<meta property=\"article:modified_time\" content=\"2025-08-07T07:19:01+00:00\" \/>\n<meta name=\"twitter:card\" content=\"summary_large_image\" \/>\n<script type=\"application\/ld+json\" class=\"yoast-schema-graph\">{\"@context\":\"https:\/\/schema.org\",\"@graph\":[{\"@type\":\"WebPage\",\"@id\":\"https:\/\/werkbank32.eu\/fuer-startups\/silicon-valley-program\/\",\"url\":\"https:\/\/werkbank32.eu\/fuer-startups\/silicon-valley-program\/\",\"name\":\"Silicon Valley Program - Werkbank32\",\"isPartOf\":{\"@id\":\"https:\/\/werkbank32.eu\/#website\"},\"datePublished\":\"2024-02-28T11:43:38+00:00\",\"dateModified\":\"2025-08-07T07:19:01+00:00\",\"breadcrumb\":{\"@id\":\"https:\/\/werkbank32.eu\/fuer-startups\/silicon-valley-program\/#breadcrumb\"},\"inLanguage\":\"en-US\",\"potentialAction\":[{\"@type\":\"ReadAction\",\"target\":[\"https:\/\/werkbank32.eu\/fuer-startups\/silicon-valley-program\/\"]}]},{\"@type\":\"BreadcrumbList\",\"@id\":\"https:\/\/werkbank32.eu\/fuer-startups\/silicon-valley-program\/#breadcrumb\",\"itemListElement\":[{\"@type\":\"ListItem\",\"position\":1,\"name\":\"Werkbank32\",\"item\":\"https:\/\/werkbank32.eu\/\"},{\"@type\":\"ListItem\",\"position\":2,\"name\":\"f\u00fcr Startups\",\"item\":\"https:\/\/werkbank32.eu\/fuer-startups\/\"},{\"@type\":\"ListItem\",\"position\":3,\"name\":\"Silicon Valley Program\"}]},{\"@type\":\"WebSite\",\"@id\":\"https:\/\/werkbank32.eu\/#website\",\"url\":\"https:\/\/werkbank32.eu\/\",\"name\":\"Werkbank32\",\"description\":\"\",\"potentialAction\":[{\"@type\":\"SearchAction\",\"target\":{\"@type\":\"EntryPoint\",\"urlTemplate\":\"https:\/\/werkbank32.eu\/?s={search_term_string}\"},\"query-input\":{\"@type\":\"PropertyValueSpecification\",\"valueRequired\":true,\"valueName\":\"search_term_string\"}}],\"inLanguage\":\"en-US\"}]}<\/script>\n<!-- \/ Yoast SEO plugin. -->","yoast_head_json":{"title":"Silicon Valley Program - Werkbank32","robots":{"index":"index","follow":"follow","max-snippet":"max-snippet:-1","max-image-preview":"max-image-preview:large","max-video-preview":"max-video-preview:-1"},"canonical":"https:\/\/werkbank32.eu\/en\/for-startups-2\/silicon-valley-program-3\/","og_locale":"en_US","og_type":"article","og_title":"Silicon Valley Program - Werkbank32","og_url":"https:\/\/werkbank32.eu\/en\/for-startups-2\/silicon-valley-program-3\/","og_site_name":"Werkbank32","article_modified_time":"2025-08-07T07:19:01+00:00","twitter_card":"summary_large_image","schema":{"@context":"https:\/\/schema.org","@graph":[{"@type":"WebPage","@id":"https:\/\/werkbank32.eu\/fuer-startups\/silicon-valley-program\/","url":"https:\/\/werkbank32.eu\/fuer-startups\/silicon-valley-program\/","name":"Silicon Valley Program - Werkbank32","isPartOf":{"@id":"https:\/\/werkbank32.eu\/#website"},"datePublished":"2024-02-28T11:43:38+00:00","dateModified":"2025-08-07T07:19:01+00:00","breadcrumb":{"@id":"https:\/\/werkbank32.eu\/fuer-startups\/silicon-valley-program\/#breadcrumb"},"inLanguage":"en-US","potentialAction":[{"@type":"ReadAction","target":["https:\/\/werkbank32.eu\/fuer-startups\/silicon-valley-program\/"]}]},{"@type":"BreadcrumbList","@id":"https:\/\/werkbank32.eu\/fuer-startups\/silicon-valley-program\/#breadcrumb","itemListElement":[{"@type":"ListItem","position":1,"name":"Werkbank32","item":"https:\/\/werkbank32.eu\/"},{"@type":"ListItem","position":2,"name":"f\u00fcr Startups","item":"https:\/\/werkbank32.eu\/fuer-startups\/"},{"@type":"ListItem","position":3,"name":"Silicon Valley Program"}]},{"@type":"WebSite","@id":"https:\/\/werkbank32.eu\/#website","url":"https:\/\/werkbank32.eu\/","name":"Werkbank32","description":"","potentialAction":[{"@type":"SearchAction","target":{"@type":"EntryPoint","urlTemplate":"https:\/\/werkbank32.eu\/?s={search_term_string}"},"query-input":{"@type":"PropertyValueSpecification","valueRequired":true,"valueName":"search_term_string"}}],"inLanguage":"en-US"}]}},"_links":{"self":[{"href":"https:\/\/werkbank32.eu\/en\/wp-json\/wp\/v2\/pages\/1944","targetHints":{"allow":["GET"]}}],"collection":[{"href":"https:\/\/werkbank32.eu\/en\/wp-json\/wp\/v2\/pages"}],"about":[{"href":"https:\/\/werkbank32.eu\/en\/wp-json\/wp\/v2\/types\/page"}],"author":[{"embeddable":true,"href":"https:\/\/werkbank32.eu\/en\/wp-json\/wp\/v2\/users\/7"}],"replies":[{"embeddable":true,"href":"https:\/\/werkbank32.eu\/en\/wp-json\/wp\/v2\/comments?post=1944"}],"version-history":[{"count":0,"href":"https:\/\/werkbank32.eu\/en\/wp-json\/wp\/v2\/pages\/1944\/revisions"}],"up":[{"embeddable":true,"href":"https:\/\/werkbank32.eu\/en\/wp-json\/wp\/v2\/pages\/265"}],"wp:attachment":[{"href":"https:\/\/werkbank32.eu\/en\/wp-json\/wp\/v2\/media?parent=1944"}],"curies":[{"name":"wp","href":"https:\/\/api.w.org\/{rel}","templated":true}]}}