{"id":1941,"date":"2024-02-28T12:13:14","date_gmt":"2024-02-28T11:13:14","guid":{"rendered":"http:\/\/teleskopeffekt.de.domainpreview.eu\/?page_id=1941"},"modified":"2025-08-07T09:16:52","modified_gmt":"2025-08-07T07:16:52","slug":"support-with-lean-startup-2","status":"publish","type":"page","link":"https:\/\/werkbank32.eu\/en\/fuer-startups\/begleitung-mit-lean-startup\/","title":{"rendered":"Support with Lean Startup"},"content":{"rendered":"\n<div class=\"row block-213907207 rmt rmb row-small \">\n\n<div class=\"col col-12 col-lg-6 block-image block-hover-effect\"style=\"padding-right:0px; padding-left: 0px;\">\n\n    <img decoding=\"async\" class=\"desk-img\" src=\"https:\/\/werkbank32.eu\/wp-content\/uploads\/2024\/02\/61-Maschmeyer_061-scaled-960x720.jpg\" alt=\"\" loading=\"lazy\">\n    <img decoding=\"async\" class=\"mob-img\" src=\"https:\/\/werkbank32.eu\/wp-content\/uploads\/2024\/02\/61-Maschmeyer_061-scaled-576x432.jpg\" alt=\"\" loading=\"lazy\">\n    <\/div>\n\n\n            <link rel=\"stylesheet\" type=\"text\/css\" href=\"https:\/\/werkbank32.eu\/wp-content\/themes\/boxed-theme\/includes\/blocks\/block_image\/style.css\">\n            \n<div class=\"col col-12 col-lg-6 block-wysiwyg\">\n\n    <h2 style=\" text-align:left;\">Schnell, schlank, erfolgreich: Deine Lean-Startup-Reise<\/h2>\n    \n    <h-subline style=\" text-align:left;\">Wir sind an deiner Seite \u2013 von der ersten Idee bis zum Marktf\u00fchrer<\/h-subline>\n    <p>Durchstarten mit System: Unser Lean-Startup-Programm bietet dir nicht nur ein breites Netzwerk aus Branchenexperten, Investoren und Mentoren, sondern auch eine Methode, die auf Schnelligkeit und Effizienz setzt. Wir begleiten dich durch jede Phase deiner Gr\u00fcndung \u2013 von der ersten Ideenfindung \u00fcber die Validierung bis hin zur erfolgreichen Skalierung deines Gesch\u00e4fts. Unsere Unterst\u00fctzung ist ma\u00dfgeschneidert f\u00fcr Gr\u00fcndungsinteressierte und junge Startups, die bereit sind, ihre Vision zu verwirklichen und die Startup-Welt neu zu definieren. Steig ein in unser Netzwerk und lass uns gemeinsam durchstarten!<\/p>\n \n      <div class=\"block-links\" style=\"text-align:left;\"><a class=\"btn btn-primary hero-link-first\" href=\"#Aufz\u00e4hlung\" target=\"\">Mehr <\/a>\n      <\/div>\n  <\/div>            <link rel=\"stylesheet\" type=\"text\/css\" href=\"https:\/\/werkbank32.eu\/wp-content\/themes\/boxed-theme\/includes\/blocks\/block_wysiwyg\/style.css\">\n            <\/div>\n\n\n<div id=\"Aufz\u00e4hlung\" class=\"row block-933848859 rmt rmb row-small \">\n\n    <style>\n    .block-counted.ident80280286 p,\n    .block-counted.ident80280286 span {\n     color:#194673;\n    }\n    <\/style>\n    \n<div class=\"col col-12 col-lg-12 block-counted ident80280286\" style=\"color:#194673; padding-top:50px; padding-bottom:50px;\">\n<div class=\"row\">\n            <div class=\"col-12 col-lg-6 counted-container\">\n                <span class=\"counter\">1<\/span>\n                <p class=\"counted-content\">Schnelle Marktvalidierung: \r\nFinde heraus, was der Markt wirklich braucht, ohne Zeit und Ressourcen zu verschwenden.<p>\n            <\/div>\n            \n            <div class=\"col-12 col-lg-6 counted-container\">\n                <span class=\"counter\">2<\/span>\n                <p class=\"counted-content\">Effiziente Produktentwicklung: \r\nEntwickle dein Produkt mit direktem Kundenfeedback, um sicherzustellen, dass es den Bed\u00fcrfnissen entspricht.<p>\n            <\/div>\n            \n            <div class=\"col-12 col-lg-6 counted-container\">\n                <span class=\"counter\">3<\/span>\n                <p class=\"counted-content\">Skalierung deines Gesch\u00e4fts: \r\nWachse mit uns \u2013 nutze unser Netzwerk und Know-how, um dein Startup erfolgreich zu skalieren.<p>\n            <\/div>\n            \n            <div class=\"col-12 col-lg-6 counted-container\">\n                <span class=\"counter\">4<\/span>\n                <p class=\"counted-content\">Kontinuierliches Lernen: \r\nBleib agil und passe deine Strategie basierend auf echten Marktdaten an, um langfristig erfolgreich zu sein.<p>\n            <\/div>\n            <\/div><\/div>            <link rel=\"stylesheet\" type=\"text\/css\" href=\"https:\/\/werkbank32.eu\/wp-content\/themes\/boxed-theme\/includes\/blocks\/block_counted\/style.css\">\n            <\/div>\n\n\n<div class=\"row block-1288608750 rmt rmb row-small \">\n\n<div class=\"col col-12 col-lg-12 block-contact-person block-hover-effect\"style=\"padding-top:50px; padding-bottom:50px;\">\n<div class=\"row\">\n        <div class=\"col-12 col-lg-6 thumb-container\">\n        <img decoding=\"async\" data-no-translation src=\"https:\/\/werkbank32.eu\/wp-content\/uploads\/2024\/02\/prof-dr-alexander-knauer-500.jpg\">\n        <img decoding=\"async\" data-no-translation class=\"frame-loops\" src=\"\/wp-content\/themes\/boxed-theme\/includes\/media\/theme-icons\/image-frame-loops.svg\">\n        <\/div>\n        <div class=\"col-12 col-lg-6 content-container\">\n            <div class=\"contact-pers-head\">\n                <span class=\"contact-pers-title\">\n                    Prof. Alexander Knauer\n                <\/span>\n                <span class=\"contact-pers-job\">\n                    Gesch\u00e4ftsf\u00fchrer \n                <\/span>\n            <\/div>\n            <div class=\"contaact-pers-possibl\">\n                <a href=\"mailto:alexander.knauer@teleskopeffekt.de\"><img decoding=\"async\" class=\"svg-icon icon-mail-outlined\" src=\"https:\/\/werkbank32.eu\/wp-content\/themes\/boxed-theme\/includes\/media\/icons\/mail-outlined.svg\" alt=\"mail-outlined\"><\/a><a href=\"https:\/\/www.linkedin.com\/in\/alexanderknauer\/\"><img decoding=\"async\" class=\"svg-icon icon-linkedin-fill\" src=\"https:\/\/werkbank32.eu\/wp-content\/themes\/boxed-theme\/includes\/media\/icons\/linkedin-fill.svg\" alt=\"linkedin-fill\"><\/a>\n            <\/div>\n           <a class=\"btn btn-cta\"href=\"mailto:alexander.knauer@teleskopeffekt.de\">JETZT KONTAKT AUFNEHMEN<\/a>\n        <\/div>\n        <script type=\"application\/ld+json\">\n        {\n        \"@context\": \"https:\/\/schema.org\/\",\n        \"@type\": \"Person\",\n        \"name\": \"Prof. Alexander Knauer\",\n        \"jobTitle\": \"Gesch\u00e4ftsf\u00fchrer \",\n        \"url\": \"https:\/\/werkbank32.eu\/en\/team\/prof-dr-alexander-knauer\/\",\n        \"image\": \"https:\/\/werkbank32.eu\/wp-content\/uploads\/2024\/02\/prof-dr-alexander-knauer-500.jpg\",\n        \"sameAs\": \"https:\/\/www.linkedin.com\/in\/alexanderknauer\/\",\n        \"worksFor\": {\n            \"@type\": \"Organization\",\n            \"name\": \"TeleskopEffekt GmbH\"\n            }\n        }\n        <\/script>\n\n    <\/div>\n<\/div>            <link rel=\"stylesheet\" type=\"text\/css\" href=\"https:\/\/werkbank32.eu\/wp-content\/themes\/boxed-theme\/includes\/blocks\/block_contact_person\/style.css\">\n            <\/div>\n\n\n<div class=\"row block-556897751  row-small \">\n\n<div class=\"col col-12 col-lg-6 block-wysiwyg\"style=\"padding-top:50px; padding-bottom:50px;\">\n\n    <h3 style=\"color:#194673; text-align:left;\">Lean-Startup-Methode<\/h3>\n    <p><strong>Das erwartet dich: <\/strong><\/p>\n<ul>\n<li>Vom ersten Konzept bis zur Marktreife \u2013 wir bieten dir die Werkzeuge,<\/li>\n<li>das Wissen und das Netzwerk, um deinen Traum Wirklichkeit werden zu lassen.<\/li>\n<li>Unser Ansatz ist flexibel und angepasst an die Bed\u00fcrfnisse junger Startups, die gro\u00df denken.<\/li>\n<\/ul>\n<p><strong>Fazit: <\/strong>Bereit, deine Startup-Idee auf das n\u00e4chste Level zu bringen? Mit unserem Lean-Startup-Programm bist du bestens ausger\u00fcstet, um schnell, effizient und erfolgreich zu sein. Trete unserem Netzwerk bei, profitiere von unserer Expertise und lass uns gemeinsam die Zukunft gestalten.<\/p>\n<p>Klick jetzt und starte durch mit Lean Startup!<\/p>\n \n      <div class=\"block-links\" style=\"text-align:left;\"><a class=\"btn btn-primary hero-link-first ext\" href=\"https:\/\/share-eu1.hsforms.com\/1ZJATsHYCT6KJrrngfL0gdg2dd7dn\" target=\"\">JETZT ANFRAGEN<\/a>\n      <\/div>\n  <\/div>            <link rel=\"stylesheet\" type=\"text\/css\" href=\"https:\/\/werkbank32.eu\/wp-content\/themes\/boxed-theme\/includes\/blocks\/block_wysiwyg\/style.css\">\n            \n<div class=\"col col-12 col-lg-6 block-image block-hover-effect\"style=\"padding-top:50px; padding-bottom:50px;\">\n\n    <img decoding=\"async\" class=\"desk-img\" src=\"https:\/\/werkbank32.eu\/wp-content\/uploads\/2024\/02\/57-Portraits_057-scaled-960x720.jpg\" alt=\"\" loading=\"lazy\">\n    <img decoding=\"async\" class=\"mob-img\" src=\"https:\/\/werkbank32.eu\/wp-content\/uploads\/2024\/02\/57-Portraits_057-scaled-576x432.jpg\" alt=\"\" loading=\"lazy\">\n    <\/div>\n\n\n            <link rel=\"stylesheet\" type=\"text\/css\" href=\"https:\/\/werkbank32.eu\/wp-content\/themes\/boxed-theme\/includes\/blocks\/block_image\/style.css\">\n            <\/div>\n\n\n<div class=\"row block-1982077896 rmt rmb row-small-back-overfl no-overflow \" style=\"background:#194673;\">\n\n    \n    <h6 style=\"color:#ffffff; text-align:center;\">Bereit, deine Startup-Idee auf das n\u00e4chste Level zu bringen? <\/h6>\n    \n    \n    <h7 style=\"color:#ffffff; text-align:center;\">Mit unserem Lean-Startup-Programm bist du bestens ausger\u00fcstet, um schnell, effizient und erfolgreich zu sein.<\/h7>\n    \n    <style>\n    .block-wysiwyg.ident33824746 p,\n    .block-wysiwyg.ident33824746 span {\n     color:#ffffff;\n    }\n    <\/style>\n    \n<div class=\"col col-12 col-lg-12 block-wysiwyg ident33824746\" style=\"color:#ffffff;\">\n<p style=\"text-align: center\">Trete unserem Netzwerk bei, profitiere von unserer Expertise und lass uns gemeinsam die Zukunft gestalten.<\/p>\n<p style=\"text-align: center\">Klick jetzt und starte durch mit Lean Startup!<\/p>\n \n      <div class=\"block-links\" style=\"text-align:center;\"><a class=\"btn btn-cta-inv hero-link-first ext\" href=\"https:\/\/share-eu1.hsforms.com\/1ZJATsHYCT6KJrrngfL0gdg2dd7dn\" target=\"\">JETZT ANFRAGEN<\/a>\n      <\/div>\n  <\/div>            <link rel=\"stylesheet\" type=\"text\/css\" href=\"https:\/\/werkbank32.eu\/wp-content\/themes\/boxed-theme\/includes\/blocks\/block_wysiwyg\/style.css\">\n            <\/div>\n\n\n<div class=\"row block-767819203 rmt rmb row-small \">\n\n    <style>\n    .block-faq.ident41931406 p,\n    .block-faq.ident41931406 span {\n     color:#0c121c;\n    }\n    <\/style>\n    \n<div class=\"col col-12 col-lg-12 block-faq ident41931406\" style=\"color:#0c121c; padding-top:50px; padding-bottom:50px;\">\n\n    <h2 style=\"color:#194673; text-align:left;\">FAQ<\/h2>\n    <div class=\"row\"><div class=\"col-12 col-lg-6\">\n               <h3>Was ist Lean Startup? <\/h3>\n                <p>Lean Startup ist eine Methodik, die darauf abzielt, Produktentwicklungszyklen drastisch zu verk\u00fcrzen und schnelles Lernen durch direktes Kundenfeedback zu erm\u00f6glichen. Es geht darum, Annahmen schnell zu testen, daraus zu lernen und das Produkt oder die Dienstleistung auf Basis dieser Erkenntnisse anzupassen. So k\u00f6nnen Startups flexibel auf Ver\u00e4nderungen reagieren und effizienter Ressourcen einsetzen.<\/p>\n            <\/div><div class=\"col-12 col-lg-6\">\n               <h3>Wie hilft mir das Lean-Startup-Programm?<\/h3>\n                <p> Unser Lean-Startup-Programm bietet dir praktische Werkzeuge und Methoden, um deine Gesch\u00e4ftsidee schnell zu validieren, von realen Kundenfeedback zu lernen und deine Strategie entsprechend anzupassen. Dieser Ansatz hilft dir, Fehlinvestitionen zu vermeiden, indem du fr\u00fchzeitig erkennst, was deine Kunden wirklich wollen und wie du dein Angebot optimal darauf ausrichten kannst.<\/p>\n            <\/div><div class=\"col-12 col-lg-6\">\n               <h3>Ist Lean Startup auch f\u00fcr mein Startup geeignet? <\/h3>\n                <p>Absolut, Lean Startup ist branchen\u00fcbergreifend anwendbar und besonders wertvoll f\u00fcr alle Startups, die mit Unsicherheiten und schnell wechselnden Marktbedingungen konfrontiert sind. Es hilft dir, Risiken zu minimieren und deine Idee mit einem klaren Fokus auf Kundenbed\u00fcrfnisse zu entwickeln. Lean Startup ist eine flexible Methode, die dich ermutigt, effektiv und effizient vorzugehen, egal in welchem Stadium sich dein Startup befindet.<\/p>\n            <\/div><div class=\"col-12 col-lg-6\">\n               <h3>Wie unterscheidet sich die Lean-Startup-Methode von traditionellen Gesch\u00e4ftsmodellen?<\/h3>\n                <p> Die Lean-Startup-Methode konzentriert sich auf schnelles Wachstum und Anpassungsf\u00e4higkeit, indem sie den Prozess der Produktentwicklung und Markteinf\u00fchrung beschleunigt. Im Gegensatz zu traditionellen Modellen, die auf umfangreichen Businesspl\u00e4nen und festgelegten Produkten basieren, ermutigt Lean Startup zu experimentieren, schnelles Feedback einzuholen und die Strategie basierend auf realen Daten anzupassen<\/p>\n            <\/div>\n    <script type=application\/ld+json>{\"@context\":\"https:\/\/schema.org\",\"@type\":\"FAQPage\",\"mainEntity\":[{\"@type\":\"Question\",\"name\":\"Was ist Lean Startup? \",\"acceptedAnswer\":{\"@type\":\"Answer\",\"text\":\"Lean Startup ist eine Methodik, die darauf abzielt, Produktentwicklungszyklen drastisch zu verk\u00fcrzen und schnelles Lernen durch direktes Kundenfeedback zu erm\u00f6glichen. Es geht darum, Annahmen schnell zu testen, daraus zu lernen und das Produkt oder die Dienstleistung auf Basis dieser Erkenntnisse anzupassen. So k\u00f6nnen Startups flexibel auf Ver\u00e4nderungen reagieren und effizienter Ressourcen einsetzen.\"}},{\"@type\":\"Question\",\"name\":\"Wie hilft mir das Lean-Startup-Programm?\",\"acceptedAnswer\":{\"@type\":\"Answer\",\"text\":\" Unser Lean-Startup-Programm bietet dir praktische Werkzeuge und Methoden, um deine Gesch\u00e4ftsidee schnell zu validieren, von realen Kundenfeedback zu lernen und deine Strategie entsprechend anzupassen. Dieser Ansatz hilft dir, Fehlinvestitionen zu vermeiden, indem du fr\u00fchzeitig erkennst, was deine Kunden wirklich wollen und wie du dein Angebot optimal darauf ausrichten kannst.\"}},{\"@type\":\"Question\",\"name\":\"Ist Lean Startup auch f\u00fcr mein Startup geeignet? \",\"acceptedAnswer\":{\"@type\":\"Answer\",\"text\":\"Absolut, Lean Startup ist branchen\u00fcbergreifend anwendbar und besonders wertvoll f\u00fcr alle Startups, die mit Unsicherheiten und schnell wechselnden Marktbedingungen konfrontiert sind. Es hilft dir, Risiken zu minimieren und deine Idee mit einem klaren Fokus auf Kundenbed\u00fcrfnisse zu entwickeln. Lean Startup ist eine flexible Methode, die dich ermutigt, effektiv und effizient vorzugehen, egal in welchem Stadium sich dein Startup befindet.\"}},{\"@type\":\"Question\",\"name\":\"Wie unterscheidet sich die Lean-Startup-Methode von traditionellen Gesch\u00e4ftsmodellen?\",\"acceptedAnswer\":{\"@type\":\"Answer\",\"text\":\" Die Lean-Startup-Methode konzentriert sich auf schnelles Wachstum und Anpassungsf\u00e4higkeit, indem sie den Prozess der Produktentwicklung und Markteinf\u00fchrung beschleunigt. Im Gegensatz zu traditionellen Modellen, die auf umfangreichen Businesspl\u00e4nen und festgelegten Produkten basieren, ermutigt Lean Startup zu experimentieren, schnelles Feedback einzuholen und die Strategie basierend auf realen Daten anzupassen\"}}\n        ]} <\/script><\/div><\/div>            <link rel=\"stylesheet\" type=\"text\/css\" href=\"https:\/\/werkbank32.eu\/wp-content\/themes\/boxed-theme\/includes\/blocks\/block_faq\/style.css\">\n            <\/div>","protected":false},"excerpt":{"rendered":"","protected":false},"author":7,"featured_media":0,"parent":265,"menu_order":0,"comment_status":"closed","ping_status":"closed","template":"page-standard.php","meta":{"_acf_changed":true,"content-type":"","_price":"","_stock":"","_tribe_ticket_header":"","_tribe_default_ticket_provider":"","_tribe_ticket_capacity":"0","_ticket_start_date":"","_ticket_end_date":"","_tribe_ticket_show_description":"","_tribe_ticket_show_not_going":false,"_tribe_ticket_use_global_stock":"","_tribe_ticket_global_stock_level":"","_global_stock_mode":"","_global_stock_cap":"","_tribe_rsvp_for_event":"","_tribe_ticket_going_count":"","_tribe_ticket_not_going_count":"","_tribe_tickets_list":"[]","_tribe_ticket_has_attendee_info_fields":false,"footnotes":""},"class_list":["post-1941","page","type-page","status-publish","hentry"],"acf":[],"yoast_head":"<!-- This site is optimized with the Yoast SEO plugin v27.2 - https:\/\/yoast.com\/product\/yoast-seo-wordpress\/ -->\n<title>Begleitung mit Lean Startup - Werkbank32<\/title>\n<meta name=\"robots\" content=\"index, follow, max-snippet:-1, max-image-preview:large, max-video-preview:-1\" \/>\n<link rel=\"canonical\" href=\"https:\/\/werkbank32.eu\/en\/for-startups-2\/support-with-lean-startup-2\/\" \/>\n<meta property=\"og:locale\" content=\"en_US\" \/>\n<meta property=\"og:type\" content=\"article\" \/>\n<meta property=\"og:title\" content=\"Begleitung mit Lean Startup - Werkbank32\" \/>\n<meta property=\"og:url\" content=\"https:\/\/werkbank32.eu\/en\/for-startups-2\/support-with-lean-startup-2\/\" \/>\n<meta property=\"og:site_name\" content=\"Werkbank32\" \/>\n<meta property=\"article:modified_time\" content=\"2025-08-07T07:16:52+00:00\" \/>\n<meta name=\"twitter:card\" content=\"summary_large_image\" \/>\n<script type=\"application\/ld+json\" class=\"yoast-schema-graph\">{\"@context\":\"https:\/\/schema.org\",\"@graph\":[{\"@type\":\"WebPage\",\"@id\":\"https:\/\/werkbank32.eu\/fuer-startups\/begleitung-mit-lean-startup\/\",\"url\":\"https:\/\/werkbank32.eu\/fuer-startups\/begleitung-mit-lean-startup\/\",\"name\":\"Begleitung mit Lean Startup - Werkbank32\",\"isPartOf\":{\"@id\":\"https:\/\/werkbank32.eu\/#website\"},\"datePublished\":\"2024-02-28T11:13:14+00:00\",\"dateModified\":\"2025-08-07T07:16:52+00:00\",\"breadcrumb\":{\"@id\":\"https:\/\/werkbank32.eu\/fuer-startups\/begleitung-mit-lean-startup\/#breadcrumb\"},\"inLanguage\":\"en-US\",\"potentialAction\":[{\"@type\":\"ReadAction\",\"target\":[\"https:\/\/werkbank32.eu\/fuer-startups\/begleitung-mit-lean-startup\/\"]}]},{\"@type\":\"BreadcrumbList\",\"@id\":\"https:\/\/werkbank32.eu\/fuer-startups\/begleitung-mit-lean-startup\/#breadcrumb\",\"itemListElement\":[{\"@type\":\"ListItem\",\"position\":1,\"name\":\"Werkbank32\",\"item\":\"https:\/\/werkbank32.eu\/\"},{\"@type\":\"ListItem\",\"position\":2,\"name\":\"f\u00fcr Startups\",\"item\":\"https:\/\/werkbank32.eu\/fuer-startups\/\"},{\"@type\":\"ListItem\",\"position\":3,\"name\":\"Begleitung mit Lean Startup\"}]},{\"@type\":\"WebSite\",\"@id\":\"https:\/\/werkbank32.eu\/#website\",\"url\":\"https:\/\/werkbank32.eu\/\",\"name\":\"Werkbank32\",\"description\":\"\",\"potentialAction\":[{\"@type\":\"SearchAction\",\"target\":{\"@type\":\"EntryPoint\",\"urlTemplate\":\"https:\/\/werkbank32.eu\/?s={search_term_string}\"},\"query-input\":{\"@type\":\"PropertyValueSpecification\",\"valueRequired\":true,\"valueName\":\"search_term_string\"}}],\"inLanguage\":\"en-US\"}]}<\/script>\n<!-- \/ Yoast SEO plugin. -->","yoast_head_json":{"title":"Begleitung mit Lean Startup - Werkbank32","robots":{"index":"index","follow":"follow","max-snippet":"max-snippet:-1","max-image-preview":"max-image-preview:large","max-video-preview":"max-video-preview:-1"},"canonical":"https:\/\/werkbank32.eu\/en\/for-startups-2\/support-with-lean-startup-2\/","og_locale":"en_US","og_type":"article","og_title":"Begleitung mit Lean Startup - Werkbank32","og_url":"https:\/\/werkbank32.eu\/en\/for-startups-2\/support-with-lean-startup-2\/","og_site_name":"Werkbank32","article_modified_time":"2025-08-07T07:16:52+00:00","twitter_card":"summary_large_image","schema":{"@context":"https:\/\/schema.org","@graph":[{"@type":"WebPage","@id":"https:\/\/werkbank32.eu\/fuer-startups\/begleitung-mit-lean-startup\/","url":"https:\/\/werkbank32.eu\/fuer-startups\/begleitung-mit-lean-startup\/","name":"Begleitung mit Lean Startup - Werkbank32","isPartOf":{"@id":"https:\/\/werkbank32.eu\/#website"},"datePublished":"2024-02-28T11:13:14+00:00","dateModified":"2025-08-07T07:16:52+00:00","breadcrumb":{"@id":"https:\/\/werkbank32.eu\/fuer-startups\/begleitung-mit-lean-startup\/#breadcrumb"},"inLanguage":"en-US","potentialAction":[{"@type":"ReadAction","target":["https:\/\/werkbank32.eu\/fuer-startups\/begleitung-mit-lean-startup\/"]}]},{"@type":"BreadcrumbList","@id":"https:\/\/werkbank32.eu\/fuer-startups\/begleitung-mit-lean-startup\/#breadcrumb","itemListElement":[{"@type":"ListItem","position":1,"name":"Werkbank32","item":"https:\/\/werkbank32.eu\/"},{"@type":"ListItem","position":2,"name":"f\u00fcr Startups","item":"https:\/\/werkbank32.eu\/fuer-startups\/"},{"@type":"ListItem","position":3,"name":"Begleitung mit Lean Startup"}]},{"@type":"WebSite","@id":"https:\/\/werkbank32.eu\/#website","url":"https:\/\/werkbank32.eu\/","name":"Werkbank32","description":"","potentialAction":[{"@type":"SearchAction","target":{"@type":"EntryPoint","urlTemplate":"https:\/\/werkbank32.eu\/?s={search_term_string}"},"query-input":{"@type":"PropertyValueSpecification","valueRequired":true,"valueName":"search_term_string"}}],"inLanguage":"en-US"}]}},"_links":{"self":[{"href":"https:\/\/werkbank32.eu\/en\/wp-json\/wp\/v2\/pages\/1941","targetHints":{"allow":["GET"]}}],"collection":[{"href":"https:\/\/werkbank32.eu\/en\/wp-json\/wp\/v2\/pages"}],"about":[{"href":"https:\/\/werkbank32.eu\/en\/wp-json\/wp\/v2\/types\/page"}],"author":[{"embeddable":true,"href":"https:\/\/werkbank32.eu\/en\/wp-json\/wp\/v2\/users\/7"}],"replies":[{"embeddable":true,"href":"https:\/\/werkbank32.eu\/en\/wp-json\/wp\/v2\/comments?post=1941"}],"version-history":[{"count":0,"href":"https:\/\/werkbank32.eu\/en\/wp-json\/wp\/v2\/pages\/1941\/revisions"}],"up":[{"embeddable":true,"href":"https:\/\/werkbank32.eu\/en\/wp-json\/wp\/v2\/pages\/265"}],"wp:attachment":[{"href":"https:\/\/werkbank32.eu\/en\/wp-json\/wp\/v2\/media?parent=1941"}],"curies":[{"name":"wp","href":"https:\/\/api.w.org\/{rel}","templated":true}]}}