{"id":1940,"date":"2024-02-28T11:29:01","date_gmt":"2024-02-28T10:29:01","guid":{"rendered":"http:\/\/teleskopeffekt.de.domainpreview.eu\/?page_id=1940"},"modified":"2025-08-07T09:17:00","modified_gmt":"2025-08-07T07:17:00","slug":"design-thinking-4","status":"publish","type":"page","link":"https:\/\/werkbank32.eu\/en\/fuer-startups\/design-thinking\/","title":{"rendered":"Design Sprint"},"content":{"rendered":"\n<div class=\"row block-458687400 rmt rmb row-small \">\n\n<div class=\"col col-12 col-lg-6 block-image block-hover-effect\"style=\"padding-right:0px; padding-left: 0px;\">\n\n    <img decoding=\"async\" class=\"desk-img\" src=\"https:\/\/werkbank32.eu\/wp-content\/uploads\/2024\/02\/57-Portraits_057-scaled-960x720.jpg\" alt=\"\" loading=\"lazy\">\n    <img decoding=\"async\" class=\"mob-img\" src=\"https:\/\/werkbank32.eu\/wp-content\/uploads\/2024\/02\/57-Portraits_057-scaled-576x432.jpg\" alt=\"\" loading=\"lazy\">\n    <\/div>\n\n\n            <link rel=\"stylesheet\" type=\"text\/css\" href=\"https:\/\/werkbank32.eu\/wp-content\/themes\/boxed-theme\/includes\/blocks\/block_image\/style.css\">\n            \n<div class=\"col col-12 col-lg-6 block-wysiwyg\">\n\n    <h2 style=\" text-align:left;\">In Rekordzeit von der Idee zum Prototyp<\/h2>\n    \n    <h-subline style=\" text-align:left;\">Dein 5-Tage-Plan f\u00fcr innovative L\u00f6sungen<\/h-subline>\n    <p>In unserem Design Sprint Workshop erlebst du einen rasanten Prozess, der deine Ideen auf die \u00dcberholspur bringt. In nur f\u00fcnf Tagen f\u00fchrst du deine Vision von der ersten Skizze bis zum greifbaren Prototypen. Wir kombinieren Design Thinking, Business Strategie und User Experience zu einem intensiven Erlebnis, das dir konkrete L\u00f6sungen und einen klaren Aktionsplan liefert. Nutze unsere Expertise und unser Netzwerk, um deine Innovationen schnell und effizient auf den Markt zu bringen und zu begeistern.<\/p>\n \n      <div class=\"block-links\" style=\"text-align:left;\"><a class=\"btn btn-primary hero-link-first\" href=\"#Aufz\u00e4hlung\" target=\"\">Mehr <\/a>\n      <\/div>\n  <\/div>            <link rel=\"stylesheet\" type=\"text\/css\" href=\"https:\/\/werkbank32.eu\/wp-content\/themes\/boxed-theme\/includes\/blocks\/block_wysiwyg\/style.css\">\n            <\/div>\n\n\n<div id=\"Aufz\u00e4hlung\" class=\"row block-766332239 rmt rmb row-small \">\n\n    <style>\n    .block-counted.ident16979784 p,\n    .block-counted.ident16979784 span {\n     color:#194673;\n    }\n    <\/style>\n    \n<div class=\"col col-12 col-lg-12 block-counted ident16979784\" style=\"color:#194673; padding-top:50px; padding-bottom:50px;\">\n<div class=\"row\">\n            <div class=\"col-12 col-lg-6 counted-container\">\n                <span class=\"counter\">1<\/span>\n                <p class=\"counted-content\">Blitzschnelle Ideenfindung: \r\nLerne, wie du in k\u00fcrzester Zeit innovative Ideen entwickeln kannst.<p>\n            <\/div>\n            \n            <div class=\"col-12 col-lg-6 counted-container\">\n                <span class=\"counter\">2<\/span>\n                <p class=\"counted-content\">Fokussierte L\u00f6sungsentwicklung: \r\nKonzentriere dich auf das Wesentliche und entwickle L\u00f6sungen, die wirklich z\u00e4hlen.<p>\n            <\/div>\n            \n            <div class=\"col-12 col-lg-6 counted-container\">\n                <span class=\"counter\">3<\/span>\n                <p class=\"counted-content\">Prototyping: \r\nErstelle innerhalb von Tagen einen funktionierenden Prototypen deiner Idee.<p>\n            <\/div>\n            \n            <div class=\"col-12 col-lg-6 counted-container\">\n                <span class=\"counter\">4<\/span>\n                <p class=\"counted-content\">User-Feedback: \r\nTeste deinen Prototypen direkt mit echten Nutzern und sammle wertvolles Feedback.<p>\n            <\/div>\n            <\/div><\/div>            <link rel=\"stylesheet\" type=\"text\/css\" href=\"https:\/\/werkbank32.eu\/wp-content\/themes\/boxed-theme\/includes\/blocks\/block_counted\/style.css\">\n            <\/div>\n\n\n<div class=\"row block-1574973897 rmt rmb row-small \">\n\n<div class=\"col col-12 col-lg-12 block-contact-person block-hover-effect\"style=\"padding-top:50px; padding-bottom:50px;\">\n<div class=\"row\">\n        <div class=\"col-12 col-lg-6 thumb-container\">\n        <img decoding=\"async\" data-no-translation src=\"https:\/\/werkbank32.eu\/wp-content\/uploads\/2024\/02\/prof-dr-alexander-knauer-500.jpg\">\n        <img decoding=\"async\" data-no-translation class=\"frame-loops\" src=\"\/wp-content\/themes\/boxed-theme\/includes\/media\/theme-icons\/image-frame-loops.svg\">\n        <\/div>\n        <div class=\"col-12 col-lg-6 content-container\">\n            <div class=\"contact-pers-head\">\n                <span class=\"contact-pers-title\">\n                    Prof. Alexander Knauer\n                <\/span>\n                <span class=\"contact-pers-job\">\n                    Gesch\u00e4ftsf\u00fchrer \n                <\/span>\n            <\/div>\n            <div class=\"contaact-pers-possibl\">\n                <a href=\"mailto:alexander.knauer@teleskopeffekt.de\"><img decoding=\"async\" class=\"svg-icon icon-mail-outlined\" src=\"https:\/\/werkbank32.eu\/wp-content\/themes\/boxed-theme\/includes\/media\/icons\/mail-outlined.svg\" alt=\"mail-outlined\"><\/a><a href=\"https:\/\/www.linkedin.com\/in\/alexanderknauer\/\"><img decoding=\"async\" class=\"svg-icon icon-linkedin-fill\" src=\"https:\/\/werkbank32.eu\/wp-content\/themes\/boxed-theme\/includes\/media\/icons\/linkedin-fill.svg\" alt=\"linkedin-fill\"><\/a>\n            <\/div>\n           <a class=\"btn btn-cta\"href=\"mailto:alexander.knauer@teleskopeffekt.de\">JETZT KONTAKT AUFNEHMEN<\/a>\n        <\/div>\n        <script type=\"application\/ld+json\">\n        {\n        \"@context\": \"https:\/\/schema.org\/\",\n        \"@type\": \"Person\",\n        \"name\": \"Prof. Alexander Knauer\",\n        \"jobTitle\": \"Gesch\u00e4ftsf\u00fchrer \",\n        \"url\": \"https:\/\/werkbank32.eu\/en\/team\/prof-dr-alexander-knauer\/\",\n        \"image\": \"https:\/\/werkbank32.eu\/wp-content\/uploads\/2024\/02\/prof-dr-alexander-knauer-500.jpg\",\n        \"sameAs\": \"https:\/\/www.linkedin.com\/in\/alexanderknauer\/\",\n        \"worksFor\": {\n            \"@type\": \"Organization\",\n            \"name\": \"TeleskopEffekt GmbH\"\n            }\n        }\n        <\/script>\n\n    <\/div>\n<\/div>            <link rel=\"stylesheet\" type=\"text\/css\" href=\"https:\/\/werkbank32.eu\/wp-content\/themes\/boxed-theme\/includes\/blocks\/block_contact_person\/style.css\">\n            <\/div>\n\n\n<div class=\"row block-1493561621  row-small \">\n\n<div class=\"col col-12 col-lg-6 block-wysiwyg\"style=\"padding-top:50px; padding-bottom:50px;\">\n\n    <h3 style=\"color:#194673; text-align:left;\">Design Sprint Workshop<\/h3>\n    <p>Unser Design Sprint Workshop bietet dir nicht nur einen strukturierten Rahmen, um deine Idee zu einem Prototyp zu entwickeln, sondern auch die M\u00f6glichkeit, diesen Prototypen sofort zu testen und zu iterieren. Profitiere von unserem Netzwerk und unserer Expertise, um deine Innovationen mit Schwung auf den Markt zu bringen.<\/p>\n<p>Bist du bereit, deine Startup-Idee in nur f\u00fcnf Tagen von einem Konzept zu einem testbaren Prototypen zu bringen? Unser Design Sprint Workshop bietet dir die perfekte Gelegenheit, schnell und effektiv voranzukommen.<\/p>\n<p>Melde dich jetzt an und lasse uns gemeinsam Innovationen schaffen, die begeistern.<\/p>\n \n      <div class=\"block-links\" style=\"text-align:left;\"><a class=\"btn btn-primary hero-link-first ext\" href=\"https:\/\/share-eu1.hsforms.com\/1ifLQiiZ7TBm1d-PdkbPpGg2dd7dn\" target=\"\">JETZT ANFRAGEN<\/a>\n      <\/div>\n  <\/div>            <link rel=\"stylesheet\" type=\"text\/css\" href=\"https:\/\/werkbank32.eu\/wp-content\/themes\/boxed-theme\/includes\/blocks\/block_wysiwyg\/style.css\">\n            \n<div class=\"col col-12 col-lg-6 block-image block-hover-effect\"style=\"padding-top:50px; padding-bottom:50px;\">\n\n    <img decoding=\"async\" class=\"desk-img\" src=\"https:\/\/werkbank32.eu\/wp-content\/uploads\/2024\/02\/Design-Sprint-960x540.jpg\" alt=\"\" loading=\"lazy\">\n    <img decoding=\"async\" class=\"mob-img\" src=\"https:\/\/werkbank32.eu\/wp-content\/uploads\/2024\/02\/Design-Sprint-576x324.jpg\" alt=\"\" loading=\"lazy\">\n    <\/div>\n\n\n            <link rel=\"stylesheet\" type=\"text\/css\" href=\"https:\/\/werkbank32.eu\/wp-content\/themes\/boxed-theme\/includes\/blocks\/block_image\/style.css\">\n            <\/div>\n\n\n<div class=\"row block-1320331709 rmt rmb row-small-back-overfl no-overflow \" style=\"background:#194673;\">\n\n    \n    <h6 style=\"color:#ffffff; text-align:center;\">Bist du bereit, deine Startup-Idee in nur f\u00fcnf Tagen von einem Konzept zu einem testbaren Prototypen zu bringen? <\/h6>\n    \n    \n    <style>\n    .block-wysiwyg.ident51143883 p,\n    .block-wysiwyg.ident51143883 span {\n     color:#ffffff;\n    }\n    <\/style>\n    \n<div class=\"col col-12 col-lg-12 block-wysiwyg ident51143883\" style=\"color:#ffffff;\">\n<p style=\"text-align: center\">Unser Design Sprint Workshop bietet dir die perfekte Gelegenheit!<\/p>\n<p style=\"text-align: center\">Melde dich jetzt an und lasse uns gemeinsam Innovationen schaffen, die begeistern.<\/p>\n \n      <div class=\"block-links\" style=\"text-align:center;\"><a class=\"btn btn-cta-inv hero-link-first ext\" href=\"https:\/\/share-eu1.hsforms.com\/1ifLQiiZ7TBm1d-PdkbPpGg2dd7dn\" target=\"\">JETZT BUCHEN<\/a>\n      <\/div>\n  <\/div>            <link rel=\"stylesheet\" type=\"text\/css\" href=\"https:\/\/werkbank32.eu\/wp-content\/themes\/boxed-theme\/includes\/blocks\/block_wysiwyg\/style.css\">\n            <\/div>\n\n\n<div class=\"row block-307783894 rmt rmb row-small \">\n\n    <style>\n    .block-faq.ident12095303 p,\n    .block-faq.ident12095303 span {\n     color:#0c121c;\n    }\n    <\/style>\n    \n<div class=\"col col-12 col-lg-12 block-faq ident12095303\" style=\"color:#0c121c; padding-top:50px; padding-bottom:50px;\">\n\n    <h2 style=\"color:#194673; text-align:left;\">FAQ<\/h2>\n    <div class=\"row\"><div class=\"col-12 col-lg-6\">\n               <h3>Was ist ein Design Sprint? <\/h3>\n                <p>Ein Design Sprint ist ein 5-t\u00e4giger Prozess, der von der Ideenfindung bis zum Prototyping reicht, um schnell innovative L\u00f6sungen zu entwickeln.<\/p>\n            <\/div><div class=\"col-12 col-lg-6\">\n               <h3>F\u00fcr wen ist der Design Sprint Workshop geeignet? <\/h3>\n                <p>F\u00fcr jedes Startup oder Team, das schnell von einer Idee zu einem testbaren Prototypen gelangen m\u00f6chte.<\/p>\n            <\/div><div class=\"col-12 col-lg-6\">\n               <h3>Ben\u00f6tige ich Vorkenntnisse? <\/h3>\n                <p>Nein, unser Workshop ist so konzipiert, dass du ohne spezifische Vorkenntnisse teilnehmen kannst.<\/p>\n            <\/div><div class=\"col-12 col-lg-6\">\n               <h3>Wie kann ich mich auf den Design Sprint vorbereiten? <\/h3>\n                <p>Komm mit einer offenen Einstellung und einer Idee, die du erkunden m\u00f6chtest. Den Rest \u00fcbernehmen wir.<\/p>\n            <\/div>\n    <script type=application\/ld+json>{\"@context\":\"https:\/\/schema.org\",\"@type\":\"FAQPage\",\"mainEntity\":[{\"@type\":\"Question\",\"name\":\"Was ist ein Design Sprint? \",\"acceptedAnswer\":{\"@type\":\"Answer\",\"text\":\"Ein Design Sprint ist ein 5-t\u00e4giger Prozess, der von der Ideenfindung bis zum Prototyping reicht, um schnell innovative L\u00f6sungen zu entwickeln.\"}},{\"@type\":\"Question\",\"name\":\"F\u00fcr wen ist der Design Sprint Workshop geeignet? \",\"acceptedAnswer\":{\"@type\":\"Answer\",\"text\":\"F\u00fcr jedes Startup oder Team, das schnell von einer Idee zu einem testbaren Prototypen gelangen m\u00f6chte.\"}},{\"@type\":\"Question\",\"name\":\"Ben\u00f6tige ich Vorkenntnisse? \",\"acceptedAnswer\":{\"@type\":\"Answer\",\"text\":\"Nein, unser Workshop ist so konzipiert, dass du ohne spezifische Vorkenntnisse teilnehmen kannst.\"}},{\"@type\":\"Question\",\"name\":\"Wie kann ich mich auf den Design Sprint vorbereiten? \",\"acceptedAnswer\":{\"@type\":\"Answer\",\"text\":\"Komm mit einer offenen Einstellung und einer Idee, die du erkunden m\u00f6chtest. Den Rest \u00fcbernehmen wir.\"}}\n        ]} <\/script><\/div><\/div>            <link rel=\"stylesheet\" type=\"text\/css\" href=\"https:\/\/werkbank32.eu\/wp-content\/themes\/boxed-theme\/includes\/blocks\/block_faq\/style.css\">\n            <\/div>","protected":false},"excerpt":{"rendered":"","protected":false},"author":7,"featured_media":0,"parent":265,"menu_order":0,"comment_status":"closed","ping_status":"closed","template":"page-standard.php","meta":{"_acf_changed":true,"content-type":"","_price":"","_stock":"","_tribe_ticket_header":"","_tribe_default_ticket_provider":"","_tribe_ticket_capacity":"0","_ticket_start_date":"","_ticket_end_date":"","_tribe_ticket_show_description":"","_tribe_ticket_show_not_going":false,"_tribe_ticket_use_global_stock":"","_tribe_ticket_global_stock_level":"","_global_stock_mode":"","_global_stock_cap":"","_tribe_rsvp_for_event":"","_tribe_ticket_going_count":"","_tribe_ticket_not_going_count":"","_tribe_tickets_list":"[]","_tribe_ticket_has_attendee_info_fields":false,"footnotes":""},"class_list":["post-1940","page","type-page","status-publish","hentry"],"acf":[],"yoast_head":"<!-- This site is optimized with the Yoast SEO plugin v27.2 - https:\/\/yoast.com\/product\/yoast-seo-wordpress\/ -->\n<title>Design Sprint - Werkbank32<\/title>\n<meta name=\"robots\" content=\"index, follow, max-snippet:-1, max-image-preview:large, max-video-preview:-1\" \/>\n<link rel=\"canonical\" href=\"https:\/\/werkbank32.eu\/en\/for-startups-2\/design-thinking-4\/\" \/>\n<meta property=\"og:locale\" content=\"en_US\" \/>\n<meta property=\"og:type\" content=\"article\" \/>\n<meta property=\"og:title\" content=\"Design Sprint - Werkbank32\" \/>\n<meta property=\"og:url\" content=\"https:\/\/werkbank32.eu\/en\/for-startups-2\/design-thinking-4\/\" \/>\n<meta property=\"og:site_name\" content=\"Werkbank32\" \/>\n<meta property=\"article:modified_time\" content=\"2025-08-07T07:17:00+00:00\" \/>\n<meta name=\"twitter:card\" content=\"summary_large_image\" \/>\n<script type=\"application\/ld+json\" class=\"yoast-schema-graph\">{\"@context\":\"https:\/\/schema.org\",\"@graph\":[{\"@type\":\"WebPage\",\"@id\":\"https:\/\/werkbank32.eu\/fuer-startups\/design-thinking\/\",\"url\":\"https:\/\/werkbank32.eu\/fuer-startups\/design-thinking\/\",\"name\":\"Design Sprint - Werkbank32\",\"isPartOf\":{\"@id\":\"https:\/\/werkbank32.eu\/#website\"},\"datePublished\":\"2024-02-28T10:29:01+00:00\",\"dateModified\":\"2025-08-07T07:17:00+00:00\",\"breadcrumb\":{\"@id\":\"https:\/\/werkbank32.eu\/fuer-startups\/design-thinking\/#breadcrumb\"},\"inLanguage\":\"en-US\",\"potentialAction\":[{\"@type\":\"ReadAction\",\"target\":[\"https:\/\/werkbank32.eu\/fuer-startups\/design-thinking\/\"]}]},{\"@type\":\"BreadcrumbList\",\"@id\":\"https:\/\/werkbank32.eu\/fuer-startups\/design-thinking\/#breadcrumb\",\"itemListElement\":[{\"@type\":\"ListItem\",\"position\":1,\"name\":\"Werkbank32\",\"item\":\"https:\/\/werkbank32.eu\/\"},{\"@type\":\"ListItem\",\"position\":2,\"name\":\"f\u00fcr Startups\",\"item\":\"https:\/\/werkbank32.eu\/fuer-startups\/\"},{\"@type\":\"ListItem\",\"position\":3,\"name\":\"Design Sprint\"}]},{\"@type\":\"WebSite\",\"@id\":\"https:\/\/werkbank32.eu\/#website\",\"url\":\"https:\/\/werkbank32.eu\/\",\"name\":\"Werkbank32\",\"description\":\"\",\"potentialAction\":[{\"@type\":\"SearchAction\",\"target\":{\"@type\":\"EntryPoint\",\"urlTemplate\":\"https:\/\/werkbank32.eu\/?s={search_term_string}\"},\"query-input\":{\"@type\":\"PropertyValueSpecification\",\"valueRequired\":true,\"valueName\":\"search_term_string\"}}],\"inLanguage\":\"en-US\"}]}<\/script>\n<!-- \/ Yoast SEO plugin. -->","yoast_head_json":{"title":"Design Sprint - Werkbank32","robots":{"index":"index","follow":"follow","max-snippet":"max-snippet:-1","max-image-preview":"max-image-preview:large","max-video-preview":"max-video-preview:-1"},"canonical":"https:\/\/werkbank32.eu\/en\/for-startups-2\/design-thinking-4\/","og_locale":"en_US","og_type":"article","og_title":"Design Sprint - Werkbank32","og_url":"https:\/\/werkbank32.eu\/en\/for-startups-2\/design-thinking-4\/","og_site_name":"Werkbank32","article_modified_time":"2025-08-07T07:17:00+00:00","twitter_card":"summary_large_image","schema":{"@context":"https:\/\/schema.org","@graph":[{"@type":"WebPage","@id":"https:\/\/werkbank32.eu\/fuer-startups\/design-thinking\/","url":"https:\/\/werkbank32.eu\/fuer-startups\/design-thinking\/","name":"Design Sprint - Werkbank32","isPartOf":{"@id":"https:\/\/werkbank32.eu\/#website"},"datePublished":"2024-02-28T10:29:01+00:00","dateModified":"2025-08-07T07:17:00+00:00","breadcrumb":{"@id":"https:\/\/werkbank32.eu\/fuer-startups\/design-thinking\/#breadcrumb"},"inLanguage":"en-US","potentialAction":[{"@type":"ReadAction","target":["https:\/\/werkbank32.eu\/fuer-startups\/design-thinking\/"]}]},{"@type":"BreadcrumbList","@id":"https:\/\/werkbank32.eu\/fuer-startups\/design-thinking\/#breadcrumb","itemListElement":[{"@type":"ListItem","position":1,"name":"Werkbank32","item":"https:\/\/werkbank32.eu\/"},{"@type":"ListItem","position":2,"name":"f\u00fcr Startups","item":"https:\/\/werkbank32.eu\/fuer-startups\/"},{"@type":"ListItem","position":3,"name":"Design Sprint"}]},{"@type":"WebSite","@id":"https:\/\/werkbank32.eu\/#website","url":"https:\/\/werkbank32.eu\/","name":"Werkbank32","description":"","potentialAction":[{"@type":"SearchAction","target":{"@type":"EntryPoint","urlTemplate":"https:\/\/werkbank32.eu\/?s={search_term_string}"},"query-input":{"@type":"PropertyValueSpecification","valueRequired":true,"valueName":"search_term_string"}}],"inLanguage":"en-US"}]}},"_links":{"self":[{"href":"https:\/\/werkbank32.eu\/en\/wp-json\/wp\/v2\/pages\/1940","targetHints":{"allow":["GET"]}}],"collection":[{"href":"https:\/\/werkbank32.eu\/en\/wp-json\/wp\/v2\/pages"}],"about":[{"href":"https:\/\/werkbank32.eu\/en\/wp-json\/wp\/v2\/types\/page"}],"author":[{"embeddable":true,"href":"https:\/\/werkbank32.eu\/en\/wp-json\/wp\/v2\/users\/7"}],"replies":[{"embeddable":true,"href":"https:\/\/werkbank32.eu\/en\/wp-json\/wp\/v2\/comments?post=1940"}],"version-history":[{"count":0,"href":"https:\/\/werkbank32.eu\/en\/wp-json\/wp\/v2\/pages\/1940\/revisions"}],"up":[{"embeddable":true,"href":"https:\/\/werkbank32.eu\/en\/wp-json\/wp\/v2\/pages\/265"}],"wp:attachment":[{"href":"https:\/\/werkbank32.eu\/en\/wp-json\/wp\/v2\/media?parent=1940"}],"curies":[{"name":"wp","href":"https:\/\/api.w.org\/{rel}","templated":true}]}}